{"id":1236,"date":"2025-04-21T14:38:32","date_gmt":"2025-04-21T14:38:32","guid":{"rendered":"https:\/\/sparktraineeships.com\/?page_id=1236"},"modified":"2026-04-09T18:33:44","modified_gmt":"2026-04-09T18:33:44","slug":"ota-yhteytta","status":"publish","type":"page","link":"https:\/\/sparktraineeships.com\/fi\/ota-yhteytta\/","title":{"rendered":"Yhteydenotto"},"content":{"rendered":"<div data-elementor-type=\"wp-page\" data-elementor-id=\"1236\" class=\"elementor elementor-1236\" data-elementor-post-type=\"page\">\n\t\t\t\t<div class=\"elementor-element elementor-element-4e65517 e-flex e-con-boxed e-con e-parent\" data-id=\"4e65517\" data-element_type=\"container\" data-e-type=\"container\" data-settings=\"{&quot;background_background&quot;:&quot;classic&quot;}\">\n\t\t\t\t\t<div class=\"e-con-inner\">\n\t\t\t\t<div class=\"elementor-element elementor-element-78c821b elementor-widget elementor-widget-heading\" data-id=\"78c821b\" data-element_type=\"widget\" data-e-type=\"widget\" data-widget_type=\"heading.default\">\n\t\t\t\t<div class=\"elementor-widget-container\">\n\t\t\t\t\t<h2 class=\"elementor-heading-title elementor-size-default\">Ota yhteytt\u00e4<\/h2>\t\t\t\t<\/div>\n\t\t\t\t<\/div>\n\t\t\t\t\t<\/div>\n\t\t\t\t<\/div>\n\t\t<div class=\"elementor-element elementor-element-1cd3489 e-flex e-con-boxed e-con e-parent\" data-id=\"1cd3489\" data-element_type=\"container\" data-e-type=\"container\" data-settings=\"{&quot;background_background&quot;:&quot;classic&quot;}\">\n\t\t\t\t\t<div class=\"e-con-inner\">\n\t\t<div class=\"elementor-element elementor-element-db7adcd e-flex e-con-boxed e-con e-child\" data-id=\"db7adcd\" data-element_type=\"container\" data-e-type=\"container\">\n\t\t\t\t\t<div class=\"e-con-inner\">\n\t\t<div class=\"elementor-element elementor-element-04ca1d8 e-con-full e-flex e-con e-child\" data-id=\"04ca1d8\" data-element_type=\"container\" data-e-type=\"container\">\n\t\t\t\t<div class=\"elementor-element elementor-element-c5c7843 elementor-invisible elementor-widget elementor-widget-heading\" data-id=\"c5c7843\" data-element_type=\"widget\" data-e-type=\"widget\" data-settings=\"{&quot;_animation&quot;:&quot;fadeIn&quot;}\" data-widget_type=\"heading.default\">\n\t\t\t\t<div class=\"elementor-widget-container\">\n\t\t\t\t\t<h1 class=\"elementor-heading-title elementor-size-default\">Harjoittelija<\/h1>\t\t\t\t<\/div>\n\t\t\t\t<\/div>\n\t\t\t\t<div class=\"elementor-element elementor-element-fee5487 elementor-view-default elementor-widget elementor-widget-icon\" data-id=\"fee5487\" data-element_type=\"widget\" data-e-type=\"widget\" data-widget_type=\"icon.default\">\n\t\t\t\t<div class=\"elementor-widget-container\">\n\t\t\t\t\t\t\t<div class=\"elementor-icon-wrapper\">\n\t\t\t<div class=\"elementor-icon\">\n\t\t\t<svg xmlns=\"http:\/\/www.w3.org\/2000\/svg\" width=\"undefined\" height=\"undefined\" viewbox=\"0 0 1024 768\"><path fill=\"currentColor\" d=\"M1024 736q0 13-9.5 22.5T992 768t-22.5-9.5T960 736V315L607 492q-40 20-95 20t-95-20L39 303Q0 283 0 255.5T39 209L417 20q40-20 95-20t95 20l378 189q34 17 38 42q1 1 1 4v481zM639 556l193-97v141q0 43-93.5 73.5T512 704t-226.5-30.5T192 600V459l193 97q40 20 127 20t127-20z\"><\/path><\/svg>\t\t\t<\/div>\n\t\t<\/div>\n\t\t\t\t\t\t<\/div>\n\t\t\t\t<\/div>\n\t\t\t\t<\/div>\n\t\t\t\t<div class=\"elementor-element elementor-element-12851a5 elementor-widget elementor-widget-heading\" data-id=\"12851a5\" data-element_type=\"widget\" data-e-type=\"widget\" data-widget_type=\"heading.default\">\n\t\t\t\t<div class=\"elementor-widget-container\">\n\t\t\t\t\t<h5 class=\"elementor-heading-title elementor-size-default\">Harjoittelusta unelmien ty\u00f6paikkaan \u2013 taitojesi ja tavoitteidesi mukaan r\u00e4\u00e4t\u00e4l\u00f6ityn\u00e4. Yhdist\u00e4mme osaamisesi oikeaan mahdollisuuteen ja tarjoamme nuorille ammattilaisille personal leadership -ohjelman kehittymisen tueksi.<\/h5>\t\t\t\t<\/div>\n\t\t\t\t<\/div>\n\t\t\t\t<div class=\"elementor-element elementor-element-ef2357a elementor-tablet-align-center elementor-mobile-align-center elementor-widget__width-inherit elementor-align-center elementor-invisible elementor-widget elementor-widget-button\" data-id=\"ef2357a\" data-element_type=\"widget\" data-e-type=\"widget\" data-settings=\"{&quot;_animation&quot;:&quot;fadeIn&quot;,&quot;_animation_delay&quot;:200}\" data-widget_type=\"button.default\">\n\t\t\t\t<div class=\"elementor-widget-container\">\n\t\t\t\t\t\t\t\t\t<div class=\"elementor-button-wrapper\">\n\t\t\t\t\t<a class=\"elementor-button elementor-button-link elementor-size-sm elementor-animation-grow\" href=\"https:\/\/sparktraineeships.com\/fi\/ota-yhteytta\/ilmoittaudu\/\">\n\t\t\t\t\t\t<span class=\"elementor-button-content-wrapper\">\n\t\t\t\t\t\t\t\t\t<span class=\"elementor-button-text\">Ilmoittaudu<\/span>\n\t\t\t\t\t<\/span>\n\t\t\t\t\t<\/a>\n\t\t\t\t<\/div>\n\t\t\t\t\t\t\t\t<\/div>\n\t\t\t\t<\/div>\n\t\t\t\t\t<\/div>\n\t\t\t\t<\/div>\n\t\t<div class=\"elementor-element elementor-element-388d281 e-flex e-con-boxed e-con e-child\" data-id=\"388d281\" data-element_type=\"container\" data-e-type=\"container\">\n\t\t\t\t\t<div class=\"e-con-inner\">\n\t\t<div class=\"elementor-element elementor-element-86a7973 e-flex e-con-boxed e-con e-child\" data-id=\"86a7973\" data-element_type=\"container\" data-e-type=\"container\">\n\t\t\t\t\t<div class=\"e-con-inner\">\n\t\t\t\t<div class=\"elementor-element elementor-element-60300db elementor-invisible elementor-widget elementor-widget-heading\" data-id=\"60300db\" data-element_type=\"widget\" data-e-type=\"widget\" data-settings=\"{&quot;_animation&quot;:&quot;fadeIn&quot;}\" data-widget_type=\"heading.default\">\n\t\t\t\t<div class=\"elementor-widget-container\">\n\t\t\t\t\t<h1 class=\"elementor-heading-title elementor-size-default\">Organisaatio<\/h1>\t\t\t\t<\/div>\n\t\t\t\t<\/div>\n\t\t\t\t<div class=\"elementor-element elementor-element-0bdc39d elementor-view-default elementor-widget elementor-widget-icon\" data-id=\"0bdc39d\" data-element_type=\"widget\" data-e-type=\"widget\" data-widget_type=\"icon.default\">\n\t\t\t\t<div class=\"elementor-widget-container\">\n\t\t\t\t\t\t\t<div class=\"elementor-icon-wrapper\">\n\t\t\t<div class=\"elementor-icon\">\n\t\t\t<svg xmlns=\"http:\/\/www.w3.org\/2000\/svg\" width=\"undefined\" height=\"undefined\" viewbox=\"0 0 32 32\"><path fill=\"currentColor\" d=\"M28.523 23.813c-.518-.51-6.795-2.938-7.934-3.396c-1.133-.45-1.585-1.697-1.585-1.697s-.51.282-.51-.51c0-.793.51.51 1.02-2.548c0 0 1.415-.397 1.134-3.68h-.34s.85-3.51 0-4.698c-.853-1.188-1.187-1.98-3.06-2.548c-1.87-.567-1.19-.454-2.548-.396c-1.36.057-2.492.793-2.492 1.188c0 0-.85.057-1.188.397c-.34.34-.906 1.924-.906 2.32s.283 3.06.566 3.624l-.337.11c-.283 3.284 1.132 3.682 1.132 3.682c.51 3.058 1.02 1.755 1.02 2.548c0 .792-.51.51-.51.51s-.453 1.246-1.585 1.697c-1.132.453-7.416 2.887-7.927 3.396c-.51.52-.453 2.896-.453 2.896h26.954s.063-2.378-.453-2.897zm-6.335 2.25h-4.562v-1.25h4.562v1.25z\"><\/path><\/svg>\t\t\t<\/div>\n\t\t<\/div>\n\t\t\t\t\t\t<\/div>\n\t\t\t\t<\/div>\n\t\t\t\t\t<\/div>\n\t\t\t\t<\/div>\n\t\t\t\t<div class=\"elementor-element elementor-element-fc3da3c elementor-widget elementor-widget-heading\" data-id=\"fc3da3c\" data-element_type=\"widget\" data-e-type=\"widget\" data-widget_type=\"heading.default\">\n\t\t\t\t<div class=\"elementor-widget-container\">\n\t\t\t\t\t<h5 class=\"elementor-heading-title elementor-size-default\">Vahvista paikallista ty\u00f6voimaasi yhdist\u00e4m\u00e4ll\u00e4 osaavat nuoret ammattilaiset oikeisiin rooleihin. Me etsimme oikean osaajan oikeaan teht\u00e4v\u00e4\u00e4n \u2013 pitk\u00e4j\u00e4nteisen menestyksen varmistamiseksi.<\/h5>\t\t\t\t<\/div>\n\t\t\t\t<\/div>\n\t\t\t\t<div class=\"elementor-element elementor-element-8d29e9d elementor-tablet-align-center elementor-mobile-align-center elementor-widget__width-inherit elementor-align-center elementor-invisible elementor-widget elementor-widget-button\" data-id=\"8d29e9d\" data-element_type=\"widget\" data-e-type=\"widget\" data-settings=\"{&quot;_animation&quot;:&quot;fadeIn&quot;,&quot;_animation_delay&quot;:200}\" data-widget_type=\"button.default\">\n\t\t\t\t<div class=\"elementor-widget-container\">\n\t\t\t\t\t\t\t\t\t<div class=\"elementor-button-wrapper\">\n\t\t\t\t\t<a class=\"elementor-button elementor-button-link elementor-size-sm elementor-animation-grow\" href=\"https:\/\/sparktraineeships.com\/fi\/ota-yhteytta\/ota-yhteytta-organisaatiolle\/\">\n\t\t\t\t\t\t<span class=\"elementor-button-content-wrapper\">\n\t\t\t\t\t\t\t\t\t<span class=\"elementor-button-text\">Ota yhteytt\u00e4<\/span>\n\t\t\t\t\t<\/span>\n\t\t\t\t\t<\/a>\n\t\t\t\t<\/div>\n\t\t\t\t\t\t\t\t<\/div>\n\t\t\t\t<\/div>\n\t\t\t\t\t<\/div>\n\t\t\t\t<\/div>\n\t\t\t\t\t<\/div>\n\t\t\t\t<\/div>\n\t\t<div class=\"elementor-element elementor-element-edb471e e-flex e-con-boxed e-con e-parent\" data-id=\"edb471e\" data-element_type=\"container\" data-e-type=\"container\">\n\t\t\t\t\t<div class=\"e-con-inner\">\n\t\t<div class=\"elementor-element elementor-element-7a04788 e-con-full e-flex e-con e-child\" data-id=\"7a04788\" data-element_type=\"container\" data-e-type=\"container\">\n\t\t\t\t<div class=\"elementor-element elementor-element-89ce87b elementor-invisible elementor-widget elementor-widget-heading\" data-id=\"89ce87b\" data-element_type=\"widget\" data-e-type=\"widget\" data-settings=\"{&quot;_animation&quot;:&quot;fadeInUp&quot;}\" data-widget_type=\"heading.default\">\n\t\t\t\t<div class=\"elementor-widget-container\">\n\t\t\t\t\t<h2 class=\"elementor-heading-title elementor-size-default\">Toimitusjohtaja ja perustaja<\/h2>\t\t\t\t<\/div>\n\t\t\t\t<\/div>\n\t\t\t\t<div class=\"elementor-element elementor-element-9760a0c elementor-invisible elementor-widget elementor-widget-text-editor\" data-id=\"9760a0c\" data-element_type=\"widget\" data-e-type=\"widget\" data-settings=\"{&quot;_animation&quot;:&quot;fadeInUp&quot;}\" data-widget_type=\"text-editor.default\">\n\t\t\t\t<div class=\"elementor-widget-container\">\n\t\t\t\t\t\t\t\t\t<p><span style=\"letter-spacing: 0px; text-align: var(--text-align);\"><b>Baptiest Mol<\/b><\/span><\/p><p><span style=\"letter-spacing: 0px; text-align: var(--text-align);\"><b>baptiest@sparktraineeships.com<\/b><\/span><\/p><p><a href=\"https:\/\/outlook.office.com\/bookwithme\/user\/fa47f084cb334dc8a5f2e4c86d8ec63e@sparktraineeships.com\/meetingtype\/ZBB-OBtWakiNort5F5CrCw2?anonymous&amp;ismsaljsauthenabled&amp;ep=mlink\"><strong>Varaa minut t\u00e4st\u00e4!<\/strong><\/a><\/p>\t\t\t\t\t\t\t\t<\/div>\n\t\t\t\t<\/div>\n\t\t\t\t<\/div>\n\t\t<div class=\"elementor-element elementor-element-9f701c2 e-con-full e-flex e-con e-child\" data-id=\"9f701c2\" data-element_type=\"container\" data-e-type=\"container\">\n\t\t\t\t<div class=\"elementor-element elementor-element-12633bb elementor-invisible elementor-widget elementor-widget-image\" data-id=\"12633bb\" data-element_type=\"widget\" data-e-type=\"widget\" data-settings=\"{&quot;_animation&quot;:&quot;fadeInUp&quot;}\" data-widget_type=\"image.default\">\n\t\t\t\t<div class=\"elementor-widget-container\">\n\t\t\t\t\t\t\t\t\t\t\t\t\t\t\t<img fetchpriority=\"high\" decoding=\"async\" width=\"495\" height=\"495\" src=\"https:\/\/sparktraineeships.com\/wp-content\/uploads\/2026\/02\/1769503160599-e1775636980715.jpeg\" class=\"attachment-full size-full wp-image-3913\" alt=\"\" srcset=\"https:\/\/sparktraineeships.com\/wp-content\/uploads\/2026\/02\/1769503160599-e1775636980715.jpeg 495w, https:\/\/sparktraineeships.com\/wp-content\/uploads\/2026\/02\/1769503160599-e1775636980715-300x300.jpeg 300w, https:\/\/sparktraineeships.com\/wp-content\/uploads\/2026\/02\/1769503160599-e1775636980715-150x150.jpeg 150w, https:\/\/sparktraineeships.com\/wp-content\/uploads\/2026\/02\/1769503160599-e1775636980715-12x12.jpeg 12w\" sizes=\"(max-width: 495px) 100vw, 495px\" \/>\t\t\t\t\t\t\t\t\t\t\t\t\t\t\t<\/div>\n\t\t\t\t<\/div>\n\t\t\t\t<\/div>\n\t\t\t\t\t<\/div>\n\t\t\t\t<\/div>\n\t\t<div class=\"elementor-element elementor-element-29104b8 e-flex e-con-boxed e-con e-parent\" data-id=\"29104b8\" data-element_type=\"container\" data-e-type=\"container\">\n\t\t\t\t\t<div class=\"e-con-inner\">\n\t\t<div class=\"elementor-element elementor-element-4dc1d06 e-con-full e-flex e-con e-child\" data-id=\"4dc1d06\" data-element_type=\"container\" data-e-type=\"container\">\n\t\t\t\t<div class=\"elementor-element elementor-element-4b1f515 elementor-invisible elementor-widget elementor-widget-heading\" data-id=\"4b1f515\" data-element_type=\"widget\" data-e-type=\"widget\" data-settings=\"{&quot;_animation&quot;:&quot;fadeInUp&quot;}\" data-widget_type=\"heading.default\">\n\t\t\t\t<div class=\"elementor-widget-container\">\n\t\t\t\t\t<h2 class=\"elementor-heading-title elementor-size-default\">Kumppanuuksien kehitt\u00e4minen<\/h2>\t\t\t\t<\/div>\n\t\t\t\t<\/div>\n\t\t\t\t<div class=\"elementor-element elementor-element-b5a3876 elementor-invisible elementor-widget elementor-widget-text-editor\" data-id=\"b5a3876\" data-element_type=\"widget\" data-e-type=\"widget\" data-settings=\"{&quot;_animation&quot;:&quot;fadeInUp&quot;}\" data-widget_type=\"text-editor.default\">\n\t\t\t\t<div class=\"elementor-widget-container\">\n\t\t\t\t\t\t\t\t\t<p><b style=\"letter-spacing: 0px; text-align: var(--text-align);\">Kimberley Poskela<\/b><\/p><p><span style=\"letter-spacing: 0px; text-align: var(--text-align);\"><b>kimberley@sparktraineeships.com<\/b><\/span><\/p><p><a href=\"https:\/\/outlook.office.com\/bookwithme\/user\/4ebff55204664a158c55ebc1225123c9@sparktraineeships.com\/meetingtype\/3gGKPBMlp0uPKTmO5SYWXg2?anonymous&amp;ismsaljsauthenabled&amp;ep=mlink\"><strong>Varaa minut t\u00e4st\u00e4!<\/strong><\/a><\/p>\t\t\t\t\t\t\t\t<\/div>\n\t\t\t\t<\/div>\n\t\t\t\t<div class=\"elementor-element elementor-element-72ee4bc elementor-invisible elementor-widget elementor-widget-heading\" data-id=\"72ee4bc\" data-element_type=\"widget\" data-e-type=\"widget\" data-settings=\"{&quot;_animation&quot;:&quot;fadeInUp&quot;}\" data-widget_type=\"heading.default\">\n\t\t\t\t<div class=\"elementor-widget-container\">\n\t\t\t\t\t<h2 class=\"elementor-heading-title elementor-size-default\"><br><br>Valmennus | Ammatillinen kasvu<\/h2>\t\t\t\t<\/div>\n\t\t\t\t<\/div>\n\t\t\t\t<div class=\"elementor-element elementor-element-383f39a elementor-invisible elementor-widget elementor-widget-text-editor\" data-id=\"383f39a\" data-element_type=\"widget\" data-e-type=\"widget\" data-settings=\"{&quot;_animation&quot;:&quot;fadeInUp&quot;}\" data-widget_type=\"text-editor.default\">\n\t\t\t\t<div class=\"elementor-widget-container\">\n\t\t\t\t\t\t\t\t\t<p><b style=\"letter-spacing: 0px; text-align: var(--text-align);\">Pinja L\u00e4hteenm\u00e4ki<\/b><\/p><p><span style=\"letter-spacing: 0px; text-align: var(--text-align);\"><b>pinja@sparktraineeships.com<\/b><\/span><\/p><p><a href=\"https:\/\/outlook.office.com\/bookwithme\/user\/a51a32e208874125943ab417769c8cbe@sparktraineeships.com\/meetingtype\/Ef8pyuX1-0yxxnkAPEjBGQ2?anonymous&amp;ismsaljsauthenabled&amp;ep=mlink\"><strong>Varaa minut t\u00e4st\u00e4!<\/strong><\/a><\/p>\t\t\t\t\t\t\t\t<\/div>\n\t\t\t\t<\/div>\n\t\t\t\t<\/div>\n\t\t<div class=\"elementor-element elementor-element-73c2712 e-con-full e-flex e-con e-child\" data-id=\"73c2712\" data-element_type=\"container\" data-e-type=\"container\">\n\t\t\t\t<div class=\"elementor-element elementor-element-b883ba5 elementor-invisible elementor-widget elementor-widget-image\" data-id=\"b883ba5\" data-element_type=\"widget\" data-e-type=\"widget\" data-settings=\"{&quot;_animation&quot;:&quot;fadeInUp&quot;}\" data-widget_type=\"image.default\">\n\t\t\t\t<div class=\"elementor-widget-container\">\n\t\t\t\t\t\t\t\t\t\t\t\t\t\t\t<img decoding=\"async\" width=\"495\" height=\"495\" src=\"https:\/\/sparktraineeships.com\/wp-content\/uploads\/2026\/04\/1769503160599-e1775631270237.jpeg\" class=\"attachment-full size-full wp-image-4110\" alt=\"\" srcset=\"https:\/\/sparktraineeships.com\/wp-content\/uploads\/2026\/04\/1769503160599-e1775631270237.jpeg 495w, https:\/\/sparktraineeships.com\/wp-content\/uploads\/2026\/04\/1769503160599-e1775631270237-300x300.jpeg 300w, https:\/\/sparktraineeships.com\/wp-content\/uploads\/2026\/04\/1769503160599-e1775631270237-150x150.jpeg 150w, https:\/\/sparktraineeships.com\/wp-content\/uploads\/2026\/04\/1769503160599-e1775631270237-12x12.jpeg 12w\" sizes=\"(max-width: 495px) 100vw, 495px\" \/>\t\t\t\t\t\t\t\t\t\t\t\t\t\t\t<\/div>\n\t\t\t\t<\/div>\n\t\t\t\t<div class=\"elementor-element elementor-element-086d89a elementor-invisible elementor-widget elementor-widget-image\" data-id=\"086d89a\" data-element_type=\"widget\" data-e-type=\"widget\" data-settings=\"{&quot;_animation&quot;:&quot;fadeInUp&quot;}\" data-widget_type=\"image.default\">\n\t\t\t\t<div class=\"elementor-widget-container\">\n\t\t\t\t\t\t\t\t\t\t\t\t\t\t\t<img decoding=\"async\" width=\"495\" height=\"495\" src=\"https:\/\/sparktraineeships.com\/wp-content\/uploads\/2026\/04\/1769503160599-1-e1775631406300.jpeg\" class=\"attachment-full size-full wp-image-4111\" alt=\"\" srcset=\"https:\/\/sparktraineeships.com\/wp-content\/uploads\/2026\/04\/1769503160599-1-e1775631406300.jpeg 495w, https:\/\/sparktraineeships.com\/wp-content\/uploads\/2026\/04\/1769503160599-1-e1775631406300-300x300.jpeg 300w, https:\/\/sparktraineeships.com\/wp-content\/uploads\/2026\/04\/1769503160599-1-e1775631406300-150x150.jpeg 150w, https:\/\/sparktraineeships.com\/wp-content\/uploads\/2026\/04\/1769503160599-1-e1775631406300-12x12.jpeg 12w\" sizes=\"(max-width: 495px) 100vw, 495px\" \/>\t\t\t\t\t\t\t\t\t\t\t\t\t\t\t<\/div>\n\t\t\t\t<\/div>\n\t\t\t\t<\/div>\n\t\t\t\t\t<\/div>\n\t\t\t\t<\/div>\n\t\t\t\t<\/div>","protected":false},"excerpt":{"rendered":"<p>Ota yhteytt\u00e4 Harjoittelija Harjoittelusta unelmien ty\u00f6paikkaan \u2013 taitojesi ja tavoitteidesi mukaan r\u00e4\u00e4t\u00e4l\u00f6ityn\u00e4. Yhdist\u00e4mme osaamisesi oikeaan mahdollisuuteen ja tarjoamme nuorille ammattilaisille personal leadership -ohjelman kehittymisen tueksi. Ilmoittaudu Organisaatio Vahvista paikallista ty\u00f6voimaasi yhdist\u00e4m\u00e4ll\u00e4 osaavat nuoret ammattilaiset oikeisiin rooleihin. Me etsimme oikean osaajan oikeaan teht\u00e4v\u00e4\u00e4n \u2013 pitk\u00e4j\u00e4nteisen menestyksen varmistamiseksi. Ota yhteytt\u00e4 Toimitusjohtaja ja perustaja Baptiest Mol baptiest@sparktraineeships.com Varaa [&hellip;]<\/p>\n","protected":false},"author":1,"featured_media":0,"parent":0,"menu_order":0,"comment_status":"closed","ping_status":"closed","template":"","meta":{"footnotes":""},"class_list":["post-1236","page","type-page","status-publish","hentry"],"_links":{"self":[{"href":"https:\/\/sparktraineeships.com\/fi\/wp-json\/wp\/v2\/pages\/1236","targetHints":{"allow":["GET"]}}],"collection":[{"href":"https:\/\/sparktraineeships.com\/fi\/wp-json\/wp\/v2\/pages"}],"about":[{"href":"https:\/\/sparktraineeships.com\/fi\/wp-json\/wp\/v2\/types\/page"}],"author":[{"embeddable":true,"href":"https:\/\/sparktraineeships.com\/fi\/wp-json\/wp\/v2\/users\/1"}],"replies":[{"embeddable":true,"href":"https:\/\/sparktraineeships.com\/fi\/wp-json\/wp\/v2\/comments?post=1236"}],"version-history":[{"count":55,"href":"https:\/\/sparktraineeships.com\/fi\/wp-json\/wp\/v2\/pages\/1236\/revisions"}],"predecessor-version":[{"id":4144,"href":"https:\/\/sparktraineeships.com\/fi\/wp-json\/wp\/v2\/pages\/1236\/revisions\/4144"}],"wp:attachment":[{"href":"https:\/\/sparktraineeships.com\/fi\/wp-json\/wp\/v2\/media?parent=1236"}],"curies":[{"name":"wp","href":"https:\/\/api.w.org\/{rel}","templated":true}]}}