{"id":1248,"date":"2025-04-18T12:43:01","date_gmt":"2025-04-18T12:43:01","guid":{"rendered":"https:\/\/sparktraineeships.com\/?page_id=1248"},"modified":"2026-04-13T07:09:55","modified_gmt":"2026-04-13T07:09:55","slug":"ilmoittaudu","status":"publish","type":"page","link":"https:\/\/sparktraineeships.com\/fi\/ota-yhteytta\/ilmoittaudu\/","title":{"rendered":"Ilmoittaudu trainee-ohjelmaan"},"content":{"rendered":"\t\t<div data-elementor-type=\"wp-page\" data-elementor-id=\"1248\" class=\"elementor elementor-1248\" data-elementor-post-type=\"page\">\n\t\t\t\t<div class=\"elementor-element elementor-element-19177ba8 e-flex e-con-boxed e-con e-parent\" data-id=\"19177ba8\" data-element_type=\"container\" data-e-type=\"container\" data-settings=\"{&quot;background_background&quot;:&quot;classic&quot;}\">\n\t\t\t\t\t<div class=\"e-con-inner\">\n\t\t<div class=\"elementor-element elementor-element-7e4a25 e-con-full e-flex e-con e-child\" data-id=\"7e4a25\" data-element_type=\"container\" data-e-type=\"container\">\n\t\t\t\t<div class=\"elementor-element elementor-element-6a20a5be elementor-invisible elementor-widget elementor-widget-heading\" data-id=\"6a20a5be\" data-element_type=\"widget\" data-e-type=\"widget\" data-settings=\"{&quot;_animation&quot;:&quot;fadeInUp&quot;}\" data-widget_type=\"heading.default\">\n\t\t\t\t<div class=\"elementor-widget-container\">\n\t\t\t\t\t<h2 class=\"elementor-heading-title elementor-size-default\">Nyt on sinun hetkesi rakentaa<\/h2>\t\t\t\t<\/div>\n\t\t\t\t<\/div>\n\t\t\t\t<div class=\"elementor-element elementor-element-46abc15d elementor-invisible elementor-widget elementor-widget-heading\" data-id=\"46abc15d\" data-element_type=\"widget\" data-e-type=\"widget\" data-settings=\"{&quot;_animation&quot;:&quot;fadeInUp&quot;}\" data-widget_type=\"heading.default\">\n\t\t\t\t<div class=\"elementor-widget-container\">\n\t\t\t\t\t<h2 class=\"elementor-heading-title elementor-size-default\">valoisaa tulevaisuutta!<\/h2>\t\t\t\t<\/div>\n\t\t\t\t<\/div>\n\t\t\t\t<\/div>\n\t\t<div class=\"elementor-element elementor-element-75ca844b e-con-full e-flex e-con e-child\" data-id=\"75ca844b\" data-element_type=\"container\" data-e-type=\"container\">\n\t\t\t\t<div class=\"elementor-element elementor-element-5d7081bf elementor-invisible elementor-widget elementor-widget-image\" data-id=\"5d7081bf\" data-element_type=\"widget\" data-e-type=\"widget\" data-settings=\"{&quot;_animation&quot;:&quot;fadeInUp&quot;}\" data-widget_type=\"image.default\">\n\t\t\t\t<div class=\"elementor-widget-container\">\n\t\t\t\t\t\t\t\t\t\t\t\t\t\t\t<img fetchpriority=\"high\" decoding=\"async\" width=\"800\" height=\"800\" src=\"https:\/\/sparktraineeships.com\/wp-content\/uploads\/2025\/08\/Spark-traineeships-44-1024x1024.png\" class=\"attachment-large size-large wp-image-2044\" alt=\"Nuoret ammattilaiset osallistumassa Spark harjoitteluohjelmaan, mahdollisuus johtajuuden kehitt\u00e4miseen ja urakehitykseen \/ Young professionals joining the Spark traineeship program, developing leadership skills and career growth opportunities\" srcset=\"https:\/\/sparktraineeships.com\/wp-content\/uploads\/2025\/08\/Spark-traineeships-44-1024x1024.png 1024w, https:\/\/sparktraineeships.com\/wp-content\/uploads\/2025\/08\/Spark-traineeships-44-300x300.png 300w, https:\/\/sparktraineeships.com\/wp-content\/uploads\/2025\/08\/Spark-traineeships-44-150x150.png 150w, https:\/\/sparktraineeships.com\/wp-content\/uploads\/2025\/08\/Spark-traineeships-44-768x768.png 768w, https:\/\/sparktraineeships.com\/wp-content\/uploads\/2025\/08\/Spark-traineeships-44-12x12.png 12w, https:\/\/sparktraineeships.com\/wp-content\/uploads\/2025\/08\/Spark-traineeships-44.png 1313w\" sizes=\"(max-width: 800px) 100vw, 800px\" \/>\t\t\t\t\t\t\t\t\t\t\t\t\t\t\t<\/div>\n\t\t\t\t<\/div>\n\t\t\t\t<\/div>\n\t\t\t\t\t<\/div>\n\t\t\t\t<\/div>\n\t\t<div class=\"elementor-element elementor-element-6f1fe7b5 e-con-full e-flex e-con e-parent\" data-id=\"6f1fe7b5\" data-element_type=\"container\" data-e-type=\"container\" data-settings=\"{&quot;background_background&quot;:&quot;classic&quot;}\">\n\t\t<div class=\"elementor-element elementor-element-f148562 e-flex e-con-boxed e-con e-child\" data-id=\"f148562\" data-element_type=\"container\" data-e-type=\"container\" data-settings=\"{&quot;background_background&quot;:&quot;classic&quot;}\">\n\t\t\t\t\t<div class=\"e-con-inner\">\n\t\t\t\t<div class=\"elementor-element elementor-element-9a92d94 elementor-button-align-end elementor-mobile-button-align-center elementor-widget__width-inherit elementor-widget elementor-widget-form\" data-id=\"9a92d94\" data-element_type=\"widget\" data-e-type=\"widget\" data-settings=\"{&quot;step_type&quot;:&quot;number_text&quot;,&quot;step_icon_shape&quot;:&quot;circle&quot;}\" data-widget_type=\"form.default\">\n\t\t\t\t<div class=\"elementor-widget-container\">\n\t\t\t\t\t\t\t<form class=\"elementor-form\" method=\"post\" name=\"Contact\" aria-label=\"Contact\">\n\t\t\t<input type=\"hidden\" name=\"post_id\" value=\"1248\"\/>\n\t\t\t<input type=\"hidden\" name=\"form_id\" value=\"9a92d94\"\/>\n\t\t\t<input type=\"hidden\" name=\"referer_title\" value=\"Ilmoittaudu trainee-ohjelmaan - Spark Traineeships Oy\" \/>\n\n\t\t\t\t\t\t\t<input type=\"hidden\" name=\"queried_id\" value=\"1248\"\/>\n\t\t\t\n\t\t\t<div class=\"elementor-form-fields-wrapper elementor-labels-\">\n\t\t\t\t\t\t\t\t<div class=\"elementor-field-type-html elementor-field-group elementor-column elementor-field-group-field_44dc3f2 elementor-col-100\">\n\t\t\t\t\tPerustiedot\t\t\t\t<\/div>\n\t\t\t\t\t\t\t\t<div class=\"elementor-field-type-text elementor-field-group elementor-column elementor-field-group-name elementor-col-50 elementor-field-required\">\n\t\t\t\t\t\t\t\t\t\t\t\t<label for=\"form-field-name\" class=\"elementor-field-label elementor-screen-only\">\n\t\t\t\t\t\t\t\tFirst Name\t\t\t\t\t\t\t<\/label>\n\t\t\t\t\t\t\t\t\t\t\t\t\t\t<input size=\"1\" type=\"text\" name=\"form_fields[name]\" id=\"form-field-name\" class=\"elementor-field elementor-size-sm  elementor-field-textual\" placeholder=\"Etunimi*\" required=\"required\">\n\t\t\t\t\t\t\t\t\t\t\t<\/div>\n\t\t\t\t\t\t\t\t<div class=\"elementor-field-type-text elementor-field-group elementor-column elementor-field-group-field_5e63ec7 elementor-col-50 elementor-field-required\">\n\t\t\t\t\t\t\t\t\t\t\t\t<label for=\"form-field-field_5e63ec7\" class=\"elementor-field-label elementor-screen-only\">\n\t\t\t\t\t\t\t\tLast Name\t\t\t\t\t\t\t<\/label>\n\t\t\t\t\t\t\t\t\t\t\t\t\t\t<input size=\"1\" type=\"text\" name=\"form_fields[field_5e63ec7]\" id=\"form-field-field_5e63ec7\" class=\"elementor-field elementor-size-sm  elementor-field-textual\" placeholder=\"Sukunimi*\" required=\"required\">\n\t\t\t\t\t\t\t\t\t\t\t<\/div>\n\t\t\t\t\t\t\t\t<div class=\"elementor-field-type-tel elementor-field-group elementor-column elementor-field-group-field_f5f1e1b elementor-col-50 elementor-field-required\">\n\t\t\t\t\t\t\t\t\t\t\t\t<label for=\"form-field-field_f5f1e1b\" class=\"elementor-field-label elementor-screen-only\">\n\t\t\t\t\t\t\t\tPhone Number\t\t\t\t\t\t\t<\/label>\n\t\t\t\t\t\t\t\t<input size=\"1\" type=\"tel\" name=\"form_fields[field_f5f1e1b]\" id=\"form-field-field_f5f1e1b\" class=\"elementor-field elementor-size-sm  elementor-field-textual\" placeholder=\"Puhelinnumero*\" required=\"required\" pattern=\"[0-9()#&amp;+*-=.]+\" title=\"Only numbers and phone characters (#, -, *, etc) are accepted.\">\n\n\t\t\t\t\t\t<\/div>\n\t\t\t\t\t\t\t\t<div class=\"elementor-field-type-email elementor-field-group elementor-column elementor-field-group-email elementor-col-50 elementor-field-required\">\n\t\t\t\t\t\t\t\t\t\t\t\t<label for=\"form-field-email\" class=\"elementor-field-label elementor-screen-only\">\n\t\t\t\t\t\t\t\tEmail Address*\t\t\t\t\t\t\t<\/label>\n\t\t\t\t\t\t\t\t\t\t\t\t\t\t<input size=\"1\" type=\"email\" name=\"form_fields[email]\" id=\"form-field-email\" class=\"elementor-field elementor-size-sm  elementor-field-textual\" placeholder=\"S\u00e4hk\u00f6postiosoite*\" required=\"required\">\n\t\t\t\t\t\t\t\t\t\t\t<\/div>\n\t\t\t\t\t\t\t\t<div class=\"elementor-field-type-text elementor-field-group elementor-column elementor-field-group-field_2f45638 elementor-col-50 elementor-field-required\">\n\t\t\t\t\t\t\t\t\t\t\t\t<label for=\"form-field-field_2f45638\" class=\"elementor-field-label elementor-screen-only\">\n\t\t\t\t\t\t\t\tDate of Birth*\t\t\t\t\t\t\t<\/label>\n\t\t\t\t\t\t\t\t\t\t\t\t\t\t<input size=\"1\" type=\"text\" name=\"form_fields[field_2f45638]\" id=\"form-field-field_2f45638\" class=\"elementor-field elementor-size-sm  elementor-field-textual\" placeholder=\"Syntym\u00e4p\u00e4iv\u00e4 muotoa pp.kk.vvvv*\" required=\"required\">\n\t\t\t\t\t\t\t\t\t\t\t<\/div>\n\t\t\t\t\t\t\t\t<div class=\"elementor-field-type-date elementor-field-group elementor-column elementor-field-group-field_0c2c223 elementor-col-50 elementor-field-required\">\n\t\t\t\t\t\t\t\t\t\t\t\t<label for=\"form-field-field_0c2c223\" class=\"elementor-field-label elementor-screen-only\">\n\t\t\t\t\t\t\t\tAvailable from*\t\t\t\t\t\t\t<\/label>\n\t\t\t\t\t\t\n\t\t<input type=\"date\" name=\"form_fields[field_0c2c223]\" id=\"form-field-field_0c2c223\" class=\"elementor-field elementor-size-sm  elementor-field-textual elementor-date-field\" placeholder=\"Saatavilla alkaen*\" required=\"required\" pattern=\"[0-9]{4}-[0-9]{2}-[0-9]{2}\">\n\t\t\t\t\t\t<\/div>\n\t\t\t\t\t\t\t\t<div class=\"elementor-field-type-number elementor-field-group elementor-column elementor-field-group-field_a36c97c elementor-col-50 elementor-field-required\">\n\t\t\t\t\t\t\t\t\t\t\t\t<label for=\"form-field-field_a36c97c\" class=\"elementor-field-label elementor-screen-only\">\n\t\t\t\t\t\t\t\tValmistumisvuosi\t\t\t\t\t\t\t<\/label>\n\t\t\t\t\t\t\t\t\t<input type=\"number\" name=\"form_fields[field_a36c97c]\" id=\"form-field-field_a36c97c\" class=\"elementor-field elementor-size-sm  elementor-field-textual\" placeholder=\"Valmistumisvuosi*\" required=\"required\" min=\"\" max=\"\" >\n\t\t\t\t\t\t<\/div>\n\t\t\t\t\t\t\t\t<div class=\"elementor-field-type-html elementor-field-group elementor-column elementor-field-group-field_56a8e85 elementor-col-100\">\n\t\t\t\t\tKiinnostuksen kohteitani* (Valitse yksi tai useampi vaihtoehto)\t\t\t\t<\/div>\n\t\t\t\t\t\t\t\t<div class=\"elementor-field-type-checkbox elementor-field-group elementor-column elementor-field-group-field_0d4a8e1 elementor-col-100\">\n\t\t\t\t\t\t\t\t\t\t\t\t<label for=\"form-field-field_0d4a8e1\" class=\"elementor-field-label elementor-screen-only\">\n\t\t\t\t\t\t\t\tTopic of interest\t\t\t\t\t\t\t<\/label>\n\t\t\t\t\t\t<div class=\"elementor-field-subgroup  \"><span class=\"elementor-field-option\"><input type=\"checkbox\" value=\"Energia ja kest\u00e4v\u00e4 kehitys\" id=\"form-field-field_0d4a8e1-0\" name=\"form_fields[field_0d4a8e1][]\"> <label for=\"form-field-field_0d4a8e1-0\">Energia ja kest\u00e4v\u00e4 kehitys<\/label><\/span><span class=\"elementor-field-option\"><input type=\"checkbox\" value=\"Insin\u00f6\u00f6ritieteet ja teknologia\" id=\"form-field-field_0d4a8e1-1\" name=\"form_fields[field_0d4a8e1][]\"> <label for=\"form-field-field_0d4a8e1-1\">Insin\u00f6\u00f6ritieteet ja teknologia<\/label><\/span><span class=\"elementor-field-option\"><input type=\"checkbox\" value=\"Kasvatus ja pedagogiikka\" id=\"form-field-field_0d4a8e1-2\" name=\"form_fields[field_0d4a8e1][]\"> <label for=\"form-field-field_0d4a8e1-2\">Kasvatus ja pedagogiikka<\/label><\/span><span class=\"elementor-field-option\"><input type=\"checkbox\" value=\"Kulttuuri ja taide\" id=\"form-field-field_0d4a8e1-3\" name=\"form_fields[field_0d4a8e1][]\"> <label for=\"form-field-field_0d4a8e1-3\">Kulttuuri ja taide<\/label><\/span><span class=\"elementor-field-option\"><input type=\"checkbox\" value=\"Liiketoiminta ja talous\" id=\"form-field-field_0d4a8e1-4\" name=\"form_fields[field_0d4a8e1][]\"> <label for=\"form-field-field_0d4a8e1-4\">Liiketoiminta ja talous<\/label><\/span><span class=\"elementor-field-option\"><input type=\"checkbox\" value=\"Liikunta\" id=\"form-field-field_0d4a8e1-5\" name=\"form_fields[field_0d4a8e1][]\"> <label for=\"form-field-field_0d4a8e1-5\">Liikunta<\/label><\/span><span class=\"elementor-field-option\"><input type=\"checkbox\" value=\"Logistiikka ja liikenne\" id=\"form-field-field_0d4a8e1-6\" name=\"form_fields[field_0d4a8e1][]\"> <label for=\"form-field-field_0d4a8e1-6\">Logistiikka ja liikenne<\/label><\/span><span class=\"elementor-field-option\"><input type=\"checkbox\" value=\"Luonnontieteet ja ymp\u00e4rist\u00f6tiede\" id=\"form-field-field_0d4a8e1-7\" name=\"form_fields[field_0d4a8e1][]\"> <label for=\"form-field-field_0d4a8e1-7\">Luonnontieteet ja ymp\u00e4rist\u00f6tiede<\/label><\/span><span class=\"elementor-field-option\"><input type=\"checkbox\" value=\"Maatalous, mets\u00e4talous ja luonnonvarat\" id=\"form-field-field_0d4a8e1-8\" name=\"form_fields[field_0d4a8e1][]\"> <label for=\"form-field-field_0d4a8e1-8\">Maatalous, mets\u00e4talous ja luonnonvarat<\/label><\/span><span class=\"elementor-field-option\"><input type=\"checkbox\" value=\"Matkailu, majoitus ja vapaa-aika\" id=\"form-field-field_0d4a8e1-9\" name=\"form_fields[field_0d4a8e1][]\"> <label for=\"form-field-field_0d4a8e1-9\">Matkailu, majoitus ja vapaa-aika<\/label><\/span><span class=\"elementor-field-option\"><input type=\"checkbox\" value=\"Media ja viestint\u00e4\" id=\"form-field-field_0d4a8e1-10\" name=\"form_fields[field_0d4a8e1][]\"> <label for=\"form-field-field_0d4a8e1-10\">Media ja viestint\u00e4<\/label><\/span><span class=\"elementor-field-option\"><input type=\"checkbox\" value=\"Meri- ja merenkulkuopinnot\" id=\"form-field-field_0d4a8e1-11\" name=\"form_fields[field_0d4a8e1][]\"> <label for=\"form-field-field_0d4a8e1-11\">Meri- ja merenkulkuopinnot<\/label><\/span><span class=\"elementor-field-option\"><input type=\"checkbox\" value=\"Monialainen innovaatiotoiminta ja yritt\u00e4jyys\" id=\"form-field-field_0d4a8e1-12\" name=\"form_fields[field_0d4a8e1][]\"> <label for=\"form-field-field_0d4a8e1-12\">Monialainen innovaatiotoiminta ja yritt\u00e4jyys<\/label><\/span><span class=\"elementor-field-option\"><input type=\"checkbox\" value=\"Oikeus ja hallinto\" id=\"form-field-field_0d4a8e1-13\" name=\"form_fields[field_0d4a8e1][]\"> <label for=\"form-field-field_0d4a8e1-13\">Oikeus ja hallinto<\/label><\/span><span class=\"elementor-field-option\"><input type=\"checkbox\" value=\"Rakentaminen ja rakennusinsin\u00f6\u00f6ritieteet\" id=\"form-field-field_0d4a8e1-14\" name=\"form_fields[field_0d4a8e1][]\"> <label for=\"form-field-field_0d4a8e1-14\">Rakentaminen ja rakennusinsin\u00f6\u00f6ritieteet<\/label><\/span><span class=\"elementor-field-option\"><input type=\"checkbox\" value=\"Suunnittelu ja arkkitehtuuri\" id=\"form-field-field_0d4a8e1-15\" name=\"form_fields[field_0d4a8e1][]\"> <label for=\"form-field-field_0d4a8e1-15\">Suunnittelu ja arkkitehtuuri<\/label><\/span><span class=\"elementor-field-option\"><input type=\"checkbox\" value=\"Terveydenhuolto ja sosiaalipalvelut\" id=\"form-field-field_0d4a8e1-16\" name=\"form_fields[field_0d4a8e1][]\"> <label for=\"form-field-field_0d4a8e1-16\">Terveydenhuolto ja sosiaalipalvelut<\/label><\/span><span class=\"elementor-field-option\"><input type=\"checkbox\" value=\"Tieto- ja viestint\u00e4tekniikka (ICT)\" id=\"form-field-field_0d4a8e1-17\" name=\"form_fields[field_0d4a8e1][]\"> <label for=\"form-field-field_0d4a8e1-17\">Tieto- ja viestint\u00e4tekniikka (ICT)<\/label><\/span><span class=\"elementor-field-option\"><input type=\"checkbox\" value=\"Turvallisuus ja pelastuspalvelut\" id=\"form-field-field_0d4a8e1-18\" name=\"form_fields[field_0d4a8e1][]\"> <label for=\"form-field-field_0d4a8e1-18\">Turvallisuus ja pelastuspalvelut<\/label><\/span><span class=\"elementor-field-option\"><input type=\"checkbox\" value=\"Joku muu\" id=\"form-field-field_0d4a8e1-19\" name=\"form_fields[field_0d4a8e1][]\"> <label for=\"form-field-field_0d4a8e1-19\">Joku muu<\/label><\/span><\/div>\t\t\t\t<\/div>\n\t\t\t\t\t\t\t\t<div class=\"elementor-field-type-html elementor-field-group elementor-column elementor-field-group-field_1b84a73 elementor-col-100\">\n\t\t\t\t\tJoku muu, mik\u00e4?\t\t\t\t<\/div>\n\t\t\t\t\t\t\t\t<div class=\"elementor-field-type-text elementor-field-group elementor-column elementor-field-group-field_511f8e6 elementor-col-100\">\n\t\t\t\t\t\t\t\t\t\t\t\t<label for=\"form-field-field_511f8e6\" class=\"elementor-field-label elementor-screen-only\">\n\t\t\t\t\t\t\t\tAdditional topics of interest\t\t\t\t\t\t\t<\/label>\n\t\t\t\t\t\t\t\t\t\t\t\t\t\t<input size=\"1\" type=\"text\" name=\"form_fields[field_511f8e6]\" id=\"form-field-field_511f8e6\" class=\"elementor-field elementor-size-sm  elementor-field-textual\" placeholder=\"Onko sinulla muita sinua kiinnostavia aiheita?\">\n\t\t\t\t\t\t\t\t\t\t\t<\/div>\n\t\t\t\t\t\t\t\t<div class=\"elementor-field-type-html elementor-field-group elementor-column elementor-field-group-field_7528d0a elementor-col-100\">\n\t\t\t\t\tKoulutukseni\t\t\t\t<\/div>\n\t\t\t\t\t\t\t\t<div class=\"elementor-field-type-textarea elementor-field-group elementor-column elementor-field-group-field_294e2f7 elementor-col-100\">\n\t\t\t\t\t\t\t\t\t\t\t\t<label for=\"form-field-field_294e2f7\" class=\"elementor-field-label elementor-screen-only\">\n\t\t\t\t\t\t\t\tWhat is your educational background\t\t\t\t\t\t\t<\/label>\n\t\t\t\t\t\t<textarea class=\"elementor-field-textual elementor-field  elementor-size-sm\" name=\"form_fields[field_294e2f7]\" id=\"form-field-field_294e2f7\" rows=\"4\" placeholder=\"Mik\u00e4 on koulutuksesi?\"><\/textarea>\t\t\t\t<\/div>\n\t\t\t\t\t\t\t\t<div class=\"elementor-field-type-html elementor-field-group elementor-column elementor-field-group-field_40342c1 elementor-col-100\">\n\t\t\t\t\tMist\u00e4 kuulit Sparksista?\t\t\t\t<\/div>\n\t\t\t\t\t\t\t\t<div class=\"elementor-field-type-textarea elementor-field-group elementor-column elementor-field-group-message elementor-col-100\">\n\t\t\t\t\t\t\t\t\t\t\t\t<label for=\"form-field-message\" class=\"elementor-field-label elementor-screen-only\">\n\t\t\t\t\t\t\t\tMist\u00e4 kuulit Sparksista\t\t\t\t\t\t\t<\/label>\n\t\t\t\t\t\t<textarea class=\"elementor-field-textual elementor-field  elementor-size-sm\" name=\"form_fields[message]\" id=\"form-field-message\" rows=\"4\" placeholder=\"Mist\u00e4 kuulit Sparksista?\"><\/textarea>\t\t\t\t<\/div>\n\t\t\t\t\t\t\t\t<div class=\"elementor-field-type-html elementor-field-group elementor-column elementor-field-group-field_17ab51f elementor-col-100\">\n\t\t\t\t\tHaluatko keskustella kanssamme ja kuulla lis\u00e4\u00e4?*\t\t\t\t<\/div>\n\t\t\t\t\t\t\t\t<div class=\"elementor-field-type-checkbox elementor-field-group elementor-column elementor-field-group-field_770403e elementor-col-100\">\n\t\t\t\t\t\t\t\t\t\t\t\t<label for=\"form-field-field_770403e\" class=\"elementor-field-label elementor-screen-only\">\n\t\t\t\t\t\t\t\tCheckbox\t\t\t\t\t\t\t<\/label>\n\t\t\t\t\t\t<div class=\"elementor-field-subgroup  \"><span class=\"elementor-field-option\"><input type=\"checkbox\" value=\"Kyll\u00e4\" id=\"form-field-field_770403e-0\" name=\"form_fields[field_770403e][]\"> <label for=\"form-field-field_770403e-0\">Kyll\u00e4<\/label><\/span><span class=\"elementor-field-option\"><input type=\"checkbox\" value=\"Ei\" id=\"form-field-field_770403e-1\" name=\"form_fields[field_770403e][]\"> <label for=\"form-field-field_770403e-1\">Ei<\/label><\/span><\/div>\t\t\t\t<\/div>\n\t\t\t\t\t\t\t\t<div class=\"elementor-field-type-html elementor-field-group elementor-column elementor-field-group-field_2e9a139 elementor-col-100\">\n\t\t\t\t\tL\u00e4hett\u00e4m\u00e4ll\u00e4 hakemukseni suostun <a href=\"https:\/\/sparktraineeships.com\/tietosuojaseloste\" style=\"color:#FF6A00;\" onclick=\"window.open(this.href, 'popup', 'width=' + screen.width + ',height=' + screen.height + ',left=0,top=0'); return false;\">tietosuojak\u00e4yt\u00e4nt\u00f6\u00f6n<\/a> ja hyv\u00e4ksyn ev\u00e4steiden k\u00e4yt\u00f6n.\n\t\t\t\t<\/div>\n\t\t\t\t\t\t\t\t<div class=\"elementor-field-group elementor-column elementor-field-type-submit elementor-col-100 e-form__buttons\">\n\t\t\t\t\t<button class=\"elementor-button elementor-size-md elementor-animation-grow\" type=\"submit\">\n\t\t\t\t\t\t<span class=\"elementor-button-content-wrapper\">\n\t\t\t\t\t\t\t\t\t\t\t\t\t\t\t\t\t\t\t\t\t\t<span class=\"elementor-button-text\">Ilmoittaudu<\/span>\n\t\t\t\t\t\t\t\t\t\t\t\t\t<\/span>\n\t\t\t\t\t<\/button>\n\t\t\t\t<\/div>\n\t\t\t<\/div>\n\t\t<\/form>\n\t\t\t\t\t\t<\/div>\n\t\t\t\t<\/div>\n\t\t\t\t\t<\/div>\n\t\t\t\t<\/div>\n\t\t<div class=\"elementor-element elementor-element-20acd6fd e-flex e-con-boxed e-con e-child\" data-id=\"20acd6fd\" data-element_type=\"container\" data-e-type=\"container\" data-settings=\"{&quot;background_background&quot;:&quot;classic&quot;}\">\n\t\t\t\t\t<div class=\"e-con-inner\">\n\t\t\t\t<div class=\"elementor-element elementor-element-1b73d11c elementor-invisible elementor-widget elementor-widget-heading\" data-id=\"1b73d11c\" data-element_type=\"widget\" data-e-type=\"widget\" data-settings=\"{&quot;_animation&quot;:&quot;fadeInUp&quot;}\" data-widget_type=\"heading.default\">\n\t\t\t\t<div class=\"elementor-widget-container\">\n\t\t\t\t\t<h1 class=\"elementor-heading-title elementor-size-default\">Ilmoittaudu Trainee-ohjelmaan<\/h1>\t\t\t\t<\/div>\n\t\t\t\t<\/div>\n\t\t\t\t<div class=\"elementor-element elementor-element-7772900e elementor-invisible elementor-widget elementor-widget-heading\" data-id=\"7772900e\" data-element_type=\"widget\" data-e-type=\"widget\" data-settings=\"{&quot;_animation&quot;:&quot;fadeInUp&quot;}\" data-widget_type=\"heading.default\">\n\t\t\t\t<div class=\"elementor-widget-container\">\n\t\t\t\t\t<p class=\"elementor-heading-title elementor-size-default\">Hy\u00f6dynn\u00e4 eksklusiiviset harjoittelumahdollisuudet, verkostoidu paikallisiin ty\u00f6nantajiin ja p\u00e4\u00e4se osaksi Personal Leadership -ohjelmaamme, joka on suunniteltu auttamaan sinua kasvamaan ja menestym\u00e4\u00e4n. Ilmoittaudu t\u00e4n\u00e4\u00e4n ja anna meid\u00e4n yhdist\u00e4\u00e4 sinut oikeaan mahdollisuuteen, joka sytytt\u00e4\u00e4 tulevaisuutesi.\nIlmoittaudu nyt ja aloita matkasi!<\/p>\t\t\t\t<\/div>\n\t\t\t\t<\/div>\n\t\t\t\t\t<\/div>\n\t\t\t\t<\/div>\n\t\t\t\t<\/div>\n\t\t\t\t<\/div>\n\t\t","protected":false},"excerpt":{"rendered":"<p>Nyt on sinun hetkesi rakentaa valoisaa tulevaisuutta! Ilmoittaudu Trainee-ohjelmaan Hy\u00f6dynn\u00e4 eksklusiiviset harjoittelumahdollisuudet, verkostoidu paikallisiin ty\u00f6nantajiin ja p\u00e4\u00e4se osaksi Personal Leadership -ohjelmaamme, joka on suunniteltu auttamaan sinua kasvamaan ja menestym\u00e4\u00e4n. Ilmoittaudu t\u00e4n\u00e4\u00e4n ja anna meid\u00e4n yhdist\u00e4\u00e4 sinut oikeaan mahdollisuuteen, joka sytytt\u00e4\u00e4 tulevaisuutesi. Ilmoittaudu nyt ja aloita matkasi!<\/p>","protected":false},"author":1,"featured_media":0,"parent":1236,"menu_order":0,"comment_status":"closed","ping_status":"closed","template":"","meta":{"footnotes":""},"class_list":["post-1248","page","type-page","status-publish","hentry"],"_links":{"self":[{"href":"https:\/\/sparktraineeships.com\/fi\/wp-json\/wp\/v2\/pages\/1248","targetHints":{"allow":["GET"]}}],"collection":[{"href":"https:\/\/sparktraineeships.com\/fi\/wp-json\/wp\/v2\/pages"}],"about":[{"href":"https:\/\/sparktraineeships.com\/fi\/wp-json\/wp\/v2\/types\/page"}],"author":[{"embeddable":true,"href":"https:\/\/sparktraineeships.com\/fi\/wp-json\/wp\/v2\/users\/1"}],"replies":[{"embeddable":true,"href":"https:\/\/sparktraineeships.com\/fi\/wp-json\/wp\/v2\/comments?post=1248"}],"version-history":[{"count":112,"href":"https:\/\/sparktraineeships.com\/fi\/wp-json\/wp\/v2\/pages\/1248\/revisions"}],"predecessor-version":[{"id":4152,"href":"https:\/\/sparktraineeships.com\/fi\/wp-json\/wp\/v2\/pages\/1248\/revisions\/4152"}],"up":[{"embeddable":true,"href":"https:\/\/sparktraineeships.com\/fi\/wp-json\/wp\/v2\/pages\/1236"}],"wp:attachment":[{"href":"https:\/\/sparktraineeships.com\/fi\/wp-json\/wp\/v2\/media?parent=1248"}],"curies":[{"name":"wp","href":"https:\/\/api.w.org\/{rel}","templated":true}]}}