{"id":1262,"date":"2025-04-18T12:47:29","date_gmt":"2025-04-18T12:47:29","guid":{"rendered":"https:\/\/sparktraineeships.com\/?page_id=1262"},"modified":"2025-08-28T08:09:34","modified_gmt":"2025-08-28T08:09:34","slug":"tietosuojaseloste","status":"publish","type":"page","link":"https:\/\/sparktraineeships.com\/fi\/spark-fi\/tietosuojaseloste\/","title":{"rendered":"Tietosuojaseloste"},"content":{"rendered":"<div data-elementor-type=\"wp-page\" data-elementor-id=\"1262\" class=\"elementor elementor-1262\" data-elementor-post-type=\"page\">\n\t\t\t\t<div class=\"elementor-element elementor-element-7e7466d e-flex e-con-boxed e-con e-parent\" data-id=\"7e7466d\" data-element_type=\"container\" data-e-type=\"container\">\n\t\t\t\t\t<div class=\"e-con-inner\">\n\t\t\t\t<div class=\"elementor-element elementor-element-2b86c43 elementor-widget elementor-widget-heading\" data-id=\"2b86c43\" data-element_type=\"widget\" data-e-type=\"widget\" data-widget_type=\"heading.default\">\n\t\t\t\t<div class=\"elementor-widget-container\">\n\t\t\t\t\t<h2 class=\"elementor-heading-title elementor-size-default\">Tietosuojaseloste<\/h2>\t\t\t\t<\/div>\n\t\t\t\t<\/div>\n\t\t\t\t\t<\/div>\n\t\t\t\t<\/div>\n\t\t<div class=\"elementor-element elementor-element-2f79989 e-flex e-con-boxed e-con e-parent\" data-id=\"2f79989\" data-element_type=\"container\" data-e-type=\"container\">\n\t\t\t\t\t<div class=\"e-con-inner\">\n\t\t\t\t<div class=\"elementor-element elementor-element-f7baad4 elementor-widget elementor-widget-text-editor\" data-id=\"f7baad4\" data-element_type=\"widget\" data-e-type=\"widget\" data-widget_type=\"text-editor.default\">\n\t\t\t\t<div class=\"elementor-widget-container\">\n\t\t\t\t\t\t\t\t\t<p><strong>Tietosuojaseloste \/ Informointiasiakirja \u2013 EU:n yleinen tietosuoja-asetus, 2016\/679<\/strong><\/p><p><strong>Tiivistelm\u00e4<\/strong><br \/>T\u00e4ss\u00e4 tiivistelm\u00e4ss\u00e4 kerromme, miten Spark Traineeships Oy k\u00e4sittelee viestint\u00e4ns\u00e4 ja markkinoinnin<br \/>kohderyhmiin kuuluvien henkil\u00f6tietoja. Yksityiskohtaiset tiedot k\u00e4sittelytoimista l\u00f6yd\u00e4t alla olevasta<br \/>tiedotus- ja markkinointirekisterin tietosuojaselosteesta.<\/p><p><strong>K\u00e4sittelemme henkil\u00f6kohtaisiatietojasi luvallasi<\/strong><br \/>Henkil\u00f6tietojesi k\u00e4sittely Spark Traineeshipsill\u00e4 perustuu suostumukseesi, yhteiseen<br \/>sopimukseemme tai olet jossain muussa yhteydess\u00e4 antanut meille markkinointiluvan esim.<br \/>tilatessasi uutiskirjeemme.<\/p><p><strong>Mit\u00e4 tietoja ker\u00e4\u00e4mme sinusta?<\/strong><br \/>Ker\u00e4\u00e4mme Sinusta ainoastaan tietoja, jotka ovat tarpeellisia Spark Traineeships Oy:n ja Sinun<br \/>v\u00e4lisess\u00e4 yhteydenpidossa liittyen yritykseemme. N\u00e4it\u00e4 tietoja ovat mm. s\u00e4hk\u00f6postiosoitteesi, nimesi,<br \/>puhelinnumerosi, asemasi yrityksess\u00e4 sek\u00e4 sosiaalisen median osoitteesi. Emme k\u00e4sittele tietojasi<br \/>muihin kuin n\u00e4ihin tarkoituksiin.<\/p><p><strong>Mist\u00e4 olemme ker\u00e4nneet tietosi?<\/strong><br \/>Tallentamamme henkil\u00f6tiedot on saatu, kun olet ilmaissut kiinnostuksen palveluitamme kohtaan,<br \/>l\u00e4hett\u00e4nyt yhteydenottopyynn\u00f6n tai muun viestin, tilannut uutiskirjeemme, osallistunut<br \/>tapahtumiimme tai vastannut kampanjaamme. Henkil\u00f6tietoja saatetaan ker\u00e4t\u00e4 my\u00f6s julkisista<br \/>l\u00e4hteist\u00e4 tai henkil\u00f6tietoja koskevia palveluita tarjoavilta yrityksilt\u00e4. K\u00e4sittelemme tietojasi ainoastaan<br \/>tarpeellisen ajan, jonka j\u00e4lkeen poistamme tiedot rekisterist\u00e4mme.<\/p><p><strong>Kuinka kauan s\u00e4ilyt\u00e4mme henkil\u00f6tietojasi?<\/strong><br \/>Spark Traineeships ei s\u00e4ilyt\u00e4 henkil\u00f6tietojasi pidemp\u00e4\u00e4n kuin on ehdottoman v\u00e4ltt\u00e4m\u00e4t\u00f6nt\u00e4 niiden<br \/>ker\u00e4\u00e4misen tarkoitusten toteuttamiseksi. T\u00e4m\u00e4n ajanjakson j\u00e4lkeen tiedot poistetaan tai<br \/>anonymisoidaan.<\/p><p><strong>Ev\u00e4steet ja vastaavat teknologiat<\/strong><br \/>Spark Traineeships k\u00e4ytt\u00e4\u00e4 ainoastaan teknisi\u00e4 ja toiminnallisia ev\u00e4steit\u00e4 sek\u00e4 analyyttisia ev\u00e4steit\u00e4,<br \/>jotka eiv\u00e4t vaaranna yksityisyytt\u00e4si. Ev\u00e4ste on pieni tekstitiedosto, joka tallennetaan tietokoneellesi,<br \/>tabletillesi tai \u00e4lypuhelimellesi, kun vierailet verkkosivustollamme. K\u00e4ytt\u00e4m\u00e4mme ev\u00e4steet ovat<br \/>v\u00e4ltt\u00e4m\u00e4tt\u00f6mi\u00e4 sivuston asianmukaisen teknisen toiminnan ja k\u00e4ytt\u00e4j\u00e4kokemuksesi parantamisen<br \/>kannalta. Ne auttavat varmistamaan, ett\u00e4 verkkosivusto toimii oikein ja muistavat asetuksesi, kuten<br \/>kieliasetukset. Lis\u00e4ksi ne mahdollistavat verkkosivustomme parantamisen ja optimoinnin. Voit poistaa<br \/>ev\u00e4steet k\u00e4yt\u00f6st\u00e4 milloin tahansa muuttamalla selaimesi asetuksia est\u00e4\u00e4ksesi niiden tallentamisen.<br \/>Voit my\u00f6s poistaa jo tallennetut ev\u00e4steet selaimesi asetusten kautta.<\/p><p><strong>Mihin luovutamme tietojasi?<\/strong><br \/>Luovutamme tietojasi ainoastaan viestint\u00e4- ja markkinointity\u00f6kalujemme toimittajille yksinomaan<br \/>palvelun toteuttamiseksi. Kaikkien tahojen kanssa, joille tietojasi voidaan perustellusta syyst\u00e4<br \/>luovuttaa, on tehty tietojenk\u00e4sittelyyn liittyv\u00e4t lainmukaiset sopimukset ja tietojasi k\u00e4sitell\u00e4\u00e4n aina<br \/>luottamuksellisina.<\/p><p><strong>Miten suojaamme tietosi?<\/strong><br \/>K\u00e4yt\u00e4mme henkil\u00f6tietojen k\u00e4sittelyyn menetelmi\u00e4 ja j\u00e4rjestelmi\u00e4, joissa tietojesi k\u00e4sittely on suojattu<br \/>parhaalla mahdollisella tavalla. Olemme rajanneet tietoihisi p\u00e4\u00e4sy\u00e4 k\u00e4ytt\u00f6oikeuksin ja asianmukaisin<br \/>teknisin suojausmenetelmin. Tietojesi k\u00e4sittelyyn osallistuva henkil\u00f6st\u00f6mme noudattaa<br \/>salassapitovelvollisuutta ja huolehtii kaikin tavoin yksityisyydensuojastasi.<\/p><p><strong>Spark Traineeships Oy tiedotus- ja markkinointirekisteri \u2013 laadittu 20.8.2025<\/strong><\/p><p><strong>1. Rekisterinpit\u00e4j\u00e4<\/strong><br \/>Spark Traineeships Oy<br \/>Y-tunnus: 3520898-7<br \/>Satutyt\u00f6npolku 3, 15210 Lahti<\/p><p><strong>2. Tietosuoja-asioista vastaava<\/strong><br \/>info@sparktraineeships.com<\/p><p><strong>3. Rekisterin nimi<\/strong><br \/>Spark Traineeships Oy:n tiedotus- ja markkinointirekisteri.<\/p><p><strong>4. Henkil\u00f6tietojen k\u00e4sittelytarkoitus ja oikeusperuste<\/strong><br \/>EU:n yleisen tietosuoja-asetuksen mukainen oikeusperuste henkil\u00f6tietojen k\u00e4sittelylle on<br \/>o sopimuksen t\u00e4yt\u00e4nt\u00f6\u00f6npano: henkil\u00f6n asiakas- tai ty\u00f6ntekij\u00e4suhde Spark Traineeships Oy:hyn<br \/>o henkil\u00f6n suostumus (esimerkiksi yhteydenotto verkkopalvelun, puhelimen tai s\u00e4hk\u00f6postin<br \/>kautta annettu markkinointisuostumus)<br \/>o Spark Traineeships Oy:n oikeutettu etu tarjota palveluitaan yritysten yhteyshenkil\u00f6ille, joiden<br \/>yhteystiedot ovat saatavilla julkisesti olevista tietol\u00e4hteist\u00e4 tai yhteystiedot ovat saatavilla<br \/>henkil\u00f6tietoja koskevia palveluita tarjoavilta yrityksilt\u00e4. Henkil\u00f6tietojen k\u00e4sittelyn tarkoitus on<br \/>Spark Traineeships Oy:hyn liittyv\u00e4n tiedon informointi sek\u00e4 palveluiden markkinointi konsernin<br \/>uutiskirjeen tai kohdennettujen markkinointikampanjoiden muodossa. Henkil\u00f6tietoja ei k\u00e4ytet\u00e4<br \/>automatisoituun p\u00e4\u00e4t\u00f6ksentekoon tai profilointiin.<\/p><p><strong>5. Rekister\u00f6ityjen ryhm\u00e4t<\/strong><br \/>Spark Traineeships Oy:n asiakkaiden ja potentiaalisten asiakkaiden yhteyshenkil\u00f6t, Spark Traineeships<br \/>Oy:n ty\u00f6ntekij\u00e4t ja ty\u00f6harjoittelijat sek\u00e4 Spark Traineeships Oy:lt\u00e4 s\u00e4hk\u00f6isesti markkinointiviestej\u00e4<br \/>tilanneet henkil\u00f6t.<\/p><p><strong>6. Rekisterin tietosis\u00e4lt\u00f6 \u2013 henkil\u00f6tietoryhm\u00e4t<\/strong><br \/>Spark Traineeships Oy:n tiedotus- ja markkinointirekisteriin tallennettavia tietoja ovat:<br \/>o henkil\u00f6n nimi, asema, yritys\/organisaatio, yhteystiedot (puhelinnumero,<br \/>s\u00e4hk\u00f6postiosoite, osoite)<br \/>o www-sivustojen osoitteet, verkkoyhteyden IP-osoite, tunnukset\/profiilit sosiaalisen<br \/>median palveluissa<br \/>o tiedot tilatuista palveluista ja niiden muutoksista.<br \/>o ev\u00e4stek\u00e4yt\u00e4nt\u00f6jen hyv\u00e4ksynn\u00e4n perusteella saadut tiedot Spark Traineeships Oy:n<br \/>verkkosivustojen vierailuista ja kiinnostuksen kohteista<\/p><p><strong>7. Henkil\u00f6tietojen vastaanottajat ja vastaanottajaryhm\u00e4t<\/strong><br \/>Spark Traineeships Oy k\u00e4ytt\u00e4\u00e4 alihankkijoita, jotka k\u00e4sittelev\u00e4t henkil\u00f6tietoja sen lukuun.<br \/>Alihankkijat toimivat Spark Traineeships Oy:n j\u00e4rjestelm\u00e4- ja palvelutoimittajina. Alihankkijoiden<br \/>kanssa on tehty asianmukaiset henkil\u00f6tietojen k\u00e4sittelyyn liittyv\u00e4t sopimukset, jossa on<br \/>k\u00e4sittelyn ehtojen lis\u00e4ksi sitouduttu salassapitovelvollisuuteen.<\/p><p><strong>8. Tietojen siirto Euroopan unionin tai Euroopan talousalueen ulkopuolelle<\/strong><br \/>Henkil\u00f6tietoja k\u00e4sitell\u00e4\u00e4n p\u00e4\u00e4s\u00e4\u00e4nt\u00f6isesti vain EU\/ETA-alueella. Tietyiss\u00e4 tapauksissa<br \/>henkil\u00f6tietoja voidaan k\u00e4sitell\u00e4 teknisesti my\u00f6s EU\/ETA-alueen ulkopuolella. T\u00e4ll\u00f6in Spark<br \/>Traineeships Oy huolehtii riitt\u00e4v\u00e4st\u00e4 tietosuojan tasosta lains\u00e4\u00e4d\u00e4nn\u00f6n edellytt\u00e4m\u00e4ll\u00e4 tavalla.<\/p><p><strong>9. Henkil\u00f6tietojen s\u00e4ilytysaika<\/strong><br \/>Tietoja s\u00e4ilytet\u00e4\u00e4n rekisteriss\u00e4 tarpeellisen ajan tai kunnes rekister\u00f6ity peruuttaa suostumuksensa<br \/>tietojensa k\u00e4sittelyyn. Rekisterinpit\u00e4j\u00e4 tuhoaa suostumuksen peruuttamisen tai s\u00e4ilytysajan<br \/>p\u00e4\u00e4ttymisen j\u00e4lkeen kaikki rekister\u00f6ity\u00e4 koskevat tiedot asianmukaisesti tallennusmuodosta<br \/>huolimatta.<\/p><p><strong>10. Rekister\u00f6idyn oikeudet ja niiden k\u00e4ytt\u00e4minen<\/strong><br \/>Kaikissa tietosuojaan ja henkil\u00f6tietojen k\u00e4sittelyyn liittyviss\u00e4 asioissa tulee olla yhteydess\u00e4<br \/>Spark Traineeships Oy:n tietosuojaan, s\u00e4hk\u00f6postiosoite info@sparktraineeships.com.<br \/>Mik\u00e4li Rekister\u00f6ity haluaa tarkastaa henkil\u00f6tietonsa tai saada muuta tietoa omiin tietoihinsa<br \/>kohdistuvasta k\u00e4sittelyst\u00e4, tulee Rekister\u00f6idyn todistaa henkil\u00f6llisyytens\u00e4 pyynn\u00f6n yhteydess\u00e4,<br \/>joko vahvalla s\u00e4hk\u00f6isell\u00e4 tunnistautumisella tai esitt\u00e4m\u00e4ll\u00e4 virallinen henkil\u00f6llisyystodistus.<br \/>Oikeus saada p\u00e4\u00e4sy tietoihin \u2013 tarkastusoikeus<br \/>Rekister\u00f6idyill\u00e4 on oikeus tarkastaa itse\u00e4\u00e4n koskevat rekisteriss\u00e4 olevat tiedot. Tarkistaakseen<br \/>omat tietonsa, tulee rekister\u00f6idyn toimittaa kirjallinen omak\u00e4tisesti allekirjoitettu tai sit\u00e4<br \/>vastaavalla tavalla varmennettu pyynt\u00f6 rekisterinpit\u00e4j\u00e4lle tai esitett\u00e4v\u00e4 pyynt\u00f6 henkil\u00f6kohtaisesti<br \/>rekisterinpit\u00e4j\u00e4n luona. Rekister\u00f6idyn on lis\u00e4ksi todistettava henkil\u00f6llisyytens\u00e4 pyynn\u00f6n<br \/>yhteydess\u00e4. Rekisterinpit\u00e4j\u00e4 toimittaa ilman aiheetonta viivytyst\u00e4 rekister\u00f6idyn pyyt\u00e4m\u00e4t tiedot:<br \/>&#8211; S\u00e4hk\u00f6isesti, mik\u00e4li rekister\u00f6ity on t\u00e4t\u00e4 pyyt\u00e4nyt ja mik\u00e4li se on tietoturvallisesti<br \/>mahdollista.<br \/>&#8211; Tai j\u00e4rjest\u00e4\u00e4 tilaisuuden tutustua h\u00e4nest\u00e4 tallennettuihin tietoihin jossakin<br \/>Rekisterinpit\u00e4j\u00e4n toimipaikoista<br \/>Oikeus tietojen oikaisemiseen, poistamiseen ja k\u00e4sittelyn rajoittamiseen<br \/>Rekister\u00f6idyll\u00e4 on oikeus pyyt\u00e4\u00e4 rekisteriss\u00e4 olevien virheellisten tai ep\u00e4tarkkojen tietojen<br \/>oikaisemista tai poistamista taikka k\u00e4sittelyn rajoittamista.<br \/>Oikeus vastustaa k\u00e4sittely\u00e4<br \/>Rekister\u00f6idyll\u00e4 on oikeus vastustaa henkil\u00f6tietojensa k\u00e4sittely\u00e4.<br \/>Oikeus siirt\u00e4\u00e4 tiedot j\u00e4rjestelm\u00e4st\u00e4 toiseen<br \/>Rekister\u00f6idyll\u00e4 on oikeus pyyt\u00e4\u00e4 itse toimittamiensa tietojen siirtoa koneluettavassa muodossa.<\/p><p><strong>11. Suostumuksen peruuttaminen<\/strong><br \/>Rekister\u00f6idyll\u00e4 on oikeus peruuttaa suostumuksensa henkil\u00f6tietojensa k\u00e4sittelyyn koska tahansa.<br \/>Rekister\u00f6ity voi halutessaan peruuttaa suostumuksensa tiedotus- ja markkinointiviestien<br \/>vastaanottamiseksi k\u00e4ytt\u00e4m\u00e4ll\u00e4 kanavakohtaista peruutustoimintoa tai l\u00e4hett\u00e4m\u00e4ll\u00e4 pyynn\u00f6n<br \/>tietojen poistamisesta rekisterinpit\u00e4j\u00e4lle. Suostumuksen peruuttamisen j\u00e4lkeen rekisterinpit\u00e4j\u00e4 ei<br \/>en\u00e4\u00e4 k\u00e4sittele rekister\u00f6idyn tietoja n\u00e4ihin tarkoituksiin.<\/p><p><strong>12. Oikeus tehd\u00e4 valitus valvontaviranomaiselle<\/strong><br \/>Mik\u00e4li rekister\u00f6ity katsoo, ettei henkil\u00f6tietojen k\u00e4sittely ole lainmukaista, h\u00e4nell\u00e4 on oikeus tehd\u00e4<br \/>asiasta valitus valvovalle viranomaiselle.<\/p><p><strong>13. Tietol\u00e4hteet, s\u00e4\u00e4nn\u00f6nmukaiset tietol\u00e4hteet<\/strong><br \/>Rekisteriin tallennettavat tiedot saadaan asiakkuudenhallintaj\u00e4rjestelm\u00e4st\u00e4mme (olemassa<br \/>olevat tai potentiaaliset, meihin yhteydess\u00e4 olleet asiakkaat) tai henkil\u00f6lt\u00e4 mm. www-lomakkeilla<br \/>l\u00e4hetetyist\u00e4 viesteist\u00e4, s\u00e4hk\u00f6postitse, puhelimitse, sosiaalisen median palvelujen kautta,<br \/>tilaisuuksista ja tapahtumista, joissa henkil\u00f6 luovuttaa tietojaan. Lis\u00e4ksi Henkil\u00f6tietoja saatetaan<br \/>ker\u00e4t\u00e4 my\u00f6s julkisista l\u00e4hteist\u00e4 tai henkil\u00f6tietoja koskevia palveluita tarjoavilta yrityksilt\u00e4.<\/p><p><strong>14. Automaattinen p\u00e4\u00e4t\u00f6ksenteko mukaan lukien profilointi<\/strong><br \/>Henkil\u00f6tietoja ei k\u00e4ytet\u00e4 automaattiseen p\u00e4\u00e4t\u00f6ksentekoon tai profilointiin.<\/p><p><strong>15. Rekisterin suojauksen periaatteet<\/strong><br \/>Rekisterin k\u00e4sittelyss\u00e4 noudatetaan huolellisuutta ja tietoj\u00e4rjestelmien avulla k\u00e4sitelt\u00e4v\u00e4t tiedot<br \/>suojataan asianmukaisesti. Kun rekisteritietoja s\u00e4ilytet\u00e4\u00e4n Internet-palvelimilla, niiden laitteiston<br \/>fyysisest\u00e4 ja digitaalisesta tietoturvasta huolehditaan asiaankuuluvasti. Rekisterinpit\u00e4j\u00e4 huolehtii<br \/>siit\u00e4, ett\u00e4 tallennettuja tietoja sek\u00e4 palvelimien k\u00e4ytt\u00f6oikeuksia ja muita henkil\u00f6tietojen turvallisuuden<br \/>kannalta kriittisi\u00e4 tietoja k\u00e4sitell\u00e4\u00e4n luottamuksellisesti ja vain niiden ty\u00f6ntekij\u00f6iden toimesta, joiden<br \/>ty\u00f6nkuvaan se kuuluu.<\/p>\t\t\t\t\t\t\t\t<\/div>\n\t\t\t\t<\/div>\n\t\t\t\t\t<\/div>\n\t\t\t\t<\/div>\n\t\t\t\t<\/div>","protected":false},"excerpt":{"rendered":"<p>Tietosuojaseloste Tietosuojaseloste \/ Informointiasiakirja \u2013 EU:n yleinen tietosuoja-asetus, 2016\/679 Tiivistelm\u00e4T\u00e4ss\u00e4 tiivistelm\u00e4ss\u00e4 kerromme, miten Spark Traineeships Oy k\u00e4sittelee viestint\u00e4ns\u00e4 ja markkinoinninkohderyhmiin kuuluvien henkil\u00f6tietoja. Yksityiskohtaiset tiedot k\u00e4sittelytoimista l\u00f6yd\u00e4t alla olevastatiedotus- ja markkinointirekisterin tietosuojaselosteesta. K\u00e4sittelemme henkil\u00f6kohtaisiatietojasi luvallasiHenkil\u00f6tietojesi k\u00e4sittely Spark Traineeshipsill\u00e4 perustuu suostumukseesi, yhteiseensopimukseemme tai olet jossain muussa yhteydess\u00e4 antanut meille markkinointiluvan esim.tilatessasi uutiskirjeemme. Mit\u00e4 tietoja ker\u00e4\u00e4mme sinusta?Ker\u00e4\u00e4mme Sinusta [&hellip;]<\/p>\n","protected":false},"author":1,"featured_media":0,"parent":1250,"menu_order":0,"comment_status":"closed","ping_status":"closed","template":"","meta":{"footnotes":""},"class_list":["post-1262","page","type-page","status-publish","hentry"],"_links":{"self":[{"href":"https:\/\/sparktraineeships.com\/fi\/wp-json\/wp\/v2\/pages\/1262","targetHints":{"allow":["GET"]}}],"collection":[{"href":"https:\/\/sparktraineeships.com\/fi\/wp-json\/wp\/v2\/pages"}],"about":[{"href":"https:\/\/sparktraineeships.com\/fi\/wp-json\/wp\/v2\/types\/page"}],"author":[{"embeddable":true,"href":"https:\/\/sparktraineeships.com\/fi\/wp-json\/wp\/v2\/users\/1"}],"replies":[{"embeddable":true,"href":"https:\/\/sparktraineeships.com\/fi\/wp-json\/wp\/v2\/comments?post=1262"}],"version-history":[{"count":20,"href":"https:\/\/sparktraineeships.com\/fi\/wp-json\/wp\/v2\/pages\/1262\/revisions"}],"predecessor-version":[{"id":3088,"href":"https:\/\/sparktraineeships.com\/fi\/wp-json\/wp\/v2\/pages\/1262\/revisions\/3088"}],"up":[{"embeddable":true,"href":"https:\/\/sparktraineeships.com\/fi\/wp-json\/wp\/v2\/pages\/1250"}],"wp:attachment":[{"href":"https:\/\/sparktraineeships.com\/fi\/wp-json\/wp\/v2\/media?parent=1262"}],"curies":[{"name":"wp","href":"https:\/\/api.w.org\/{rel}","templated":true}]}}