{"id":3545,"date":"2025-12-07T15:27:17","date_gmt":"2025-12-07T15:27:17","guid":{"rendered":"https:\/\/sparktraineeships.com\/?page_id=3545"},"modified":"2025-12-15T11:22:58","modified_gmt":"2025-12-15T11:22:58","slug":"whitepaperdownload","status":"publish","type":"page","link":"https:\/\/sparktraineeships.com\/fi\/whitepaperdownload\/","title":{"rendered":"White Paper Download"},"content":{"rendered":"<div data-elementor-type=\"wp-page\" data-elementor-id=\"3545\" class=\"elementor elementor-3545\" data-elementor-post-type=\"page\">\n\t\t\t\t<div class=\"elementor-element elementor-element-bafaa8a e-flex e-con-boxed e-con e-parent\" data-id=\"bafaa8a\" data-element_type=\"container\" data-e-type=\"container\">\n\t\t\t\t\t<div class=\"e-con-inner\">\n\t\t\t\t<div class=\"elementor-element elementor-element-9798708 elementor-widget elementor-widget-image\" data-id=\"9798708\" data-element_type=\"widget\" data-e-type=\"widget\" data-widget_type=\"image.default\">\n\t\t\t\t<div class=\"elementor-widget-container\">\n\t\t\t\t\t\t\t\t\t\t\t\t\t\t\t<img fetchpriority=\"high\" decoding=\"async\" width=\"300\" height=\"300\" src=\"https:\/\/sparktraineeships.com\/wp-content\/uploads\/2025\/08\/12-300x300.png\" class=\"attachment-medium size-medium wp-image-3261\" alt=\"Nuoret ammattilaiset kehitt\u00e4m\u00e4ss\u00e4 osaamistaan\" srcset=\"https:\/\/sparktraineeships.com\/wp-content\/uploads\/2025\/08\/12-300x300.png 300w, https:\/\/sparktraineeships.com\/wp-content\/uploads\/2025\/08\/12-1024x1024.png 1024w, https:\/\/sparktraineeships.com\/wp-content\/uploads\/2025\/08\/12-150x150.png 150w, https:\/\/sparktraineeships.com\/wp-content\/uploads\/2025\/08\/12-768x768.png 768w, https:\/\/sparktraineeships.com\/wp-content\/uploads\/2025\/08\/12-12x12.png 12w, https:\/\/sparktraineeships.com\/wp-content\/uploads\/2025\/08\/12.png 1500w\" sizes=\"(max-width: 300px) 100vw, 300px\" \/>\t\t\t\t\t\t\t\t\t\t\t\t\t\t\t<\/div>\n\t\t\t\t<\/div>\n\t\t\t\t\t<\/div>\n\t\t\t\t<\/div>\n\t\t<div class=\"elementor-element elementor-element-e64e8ca e-flex e-con-boxed e-con e-parent\" data-id=\"e64e8ca\" data-element_type=\"container\" data-e-type=\"container\">\n\t\t\t\t\t<div class=\"e-con-inner\">\n\t\t\t\t<div class=\"elementor-element elementor-element-385627f elementor-widget elementor-widget-spacer\" data-id=\"385627f\" data-element_type=\"widget\" data-e-type=\"widget\" data-widget_type=\"spacer.default\">\n\t\t\t\t<div class=\"elementor-widget-container\">\n\t\t\t\t\t\t\t<div class=\"elementor-spacer\">\n\t\t\t<div class=\"elementor-spacer-inner\"><\/div>\n\t\t<\/div>\n\t\t\t\t\t\t<\/div>\n\t\t\t\t<\/div>\n\t\t\t\t\t<\/div>\n\t\t\t\t<\/div>\n\t\t<div class=\"elementor-element elementor-element-7c3d36d e-flex e-con-boxed e-con e-parent\" data-id=\"7c3d36d\" data-element_type=\"container\" data-e-type=\"container\">\n\t\t\t\t\t<div class=\"e-con-inner\">\n\t\t\t\t<div class=\"elementor-element elementor-element-9126765 elementor-widget elementor-widget-heading\" data-id=\"9126765\" data-element_type=\"widget\" data-e-type=\"widget\" data-widget_type=\"heading.default\">\n\t\t\t\t<div class=\"elementor-widget-container\">\n\t\t\t\t\t<h2 class=\"elementor-heading-title elementor-size-default\">Thank you! <br><br> Download your Whitepaper from here<\/h2>\t\t\t\t<\/div>\n\t\t\t\t<\/div>\n\t\t\t\t\t<\/div>\n\t\t\t\t<\/div>\n\t\t<div class=\"elementor-element elementor-element-5955893 e-flex e-con-boxed e-con e-parent\" data-id=\"5955893\" data-element_type=\"container\" data-e-type=\"container\">\n\t\t\t\t\t<div class=\"e-con-inner\">\n\t\t\t\t<div class=\"elementor-element elementor-element-d672b6c elementor-align-center elementor-widget elementor-widget-button\" data-id=\"d672b6c\" data-element_type=\"widget\" data-e-type=\"widget\" data-widget_type=\"button.default\">\n\t\t\t\t<div class=\"elementor-widget-container\">\n\t\t\t\t\t\t\t\t\t<div class=\"elementor-button-wrapper\">\n\t\t\t\t\t<a class=\"elementor-button elementor-button-link elementor-size-sm\" href=\"https:\/\/sparktraineeships.com\/wp-content\/uploads\/2025\/12\/Spark-Traineeships-White-PaperEN.pdf\" download=\"Spark Traineeships - White Paper EN\">\n\t\t\t\t\t\t<span class=\"elementor-button-content-wrapper\">\n\t\t\t\t\t\t\t\t\t<span class=\"elementor-button-text\">Download<\/span>\n\t\t\t\t\t<\/span>\n\t\t\t\t\t<\/a>\n\t\t\t\t<\/div>\n\t\t\t\t\t\t\t\t<\/div>\n\t\t\t\t<\/div>\n\t\t\t\t<div class=\"elementor-element elementor-element-b5f63b5 elementor-widget elementor-widget-spacer\" data-id=\"b5f63b5\" data-element_type=\"widget\" data-e-type=\"widget\" data-widget_type=\"spacer.default\">\n\t\t\t\t<div class=\"elementor-widget-container\">\n\t\t\t\t\t\t\t<div class=\"elementor-spacer\">\n\t\t\t<div class=\"elementor-spacer-inner\"><\/div>\n\t\t<\/div>\n\t\t\t\t\t\t<\/div>\n\t\t\t\t<\/div>\n\t\t\t\t\t<\/div>\n\t\t\t\t<\/div>\n\t\t\t\t<\/div>","protected":false},"excerpt":{"rendered":"<p>Thank you! Download your Whitepaper from here Download<\/p>","protected":false},"author":5,"featured_media":0,"parent":0,"menu_order":0,"comment_status":"closed","ping_status":"closed","template":"elementor_canvas","meta":{"footnotes":""},"class_list":["post-3545","page","type-page","status-publish","hentry"],"_links":{"self":[{"href":"https:\/\/sparktraineeships.com\/fi\/wp-json\/wp\/v2\/pages\/3545","targetHints":{"allow":["GET"]}}],"collection":[{"href":"https:\/\/sparktraineeships.com\/fi\/wp-json\/wp\/v2\/pages"}],"about":[{"href":"https:\/\/sparktraineeships.com\/fi\/wp-json\/wp\/v2\/types\/page"}],"author":[{"embeddable":true,"href":"https:\/\/sparktraineeships.com\/fi\/wp-json\/wp\/v2\/users\/5"}],"replies":[{"embeddable":true,"href":"https:\/\/sparktraineeships.com\/fi\/wp-json\/wp\/v2\/comments?post=3545"}],"version-history":[{"count":34,"href":"https:\/\/sparktraineeships.com\/fi\/wp-json\/wp\/v2\/pages\/3545\/revisions"}],"predecessor-version":[{"id":3748,"href":"https:\/\/sparktraineeships.com\/fi\/wp-json\/wp\/v2\/pages\/3545\/revisions\/3748"}],"wp:attachment":[{"href":"https:\/\/sparktraineeships.com\/fi\/wp-json\/wp\/v2\/media?parent=3545"}],"curies":[{"name":"wp","href":"https:\/\/api.w.org\/{rel}","templated":true}]}}