{"id":3639,"date":"2025-12-08T19:40:18","date_gmt":"2025-12-08T19:40:18","guid":{"rendered":"https:\/\/sparktraineeships.com\/?page_id=3639"},"modified":"2026-02-27T13:23:27","modified_gmt":"2026-02-27T13:23:27","slug":"piloting-sign-up","status":"publish","type":"page","link":"https:\/\/sparktraineeships.com\/fi\/piloting-sign-up\/","title":{"rendered":"Piloting Sign Up"},"content":{"rendered":"\t\t<div data-elementor-type=\"wp-page\" data-elementor-id=\"3639\" class=\"elementor elementor-3639\" data-elementor-post-type=\"page\">\n\t\t\t\t<div class=\"elementor-element elementor-element-1c84e46 e-flex e-con-boxed e-con e-parent\" data-id=\"1c84e46\" data-element_type=\"container\" data-e-type=\"container\">\n\t\t\t\t\t<div class=\"e-con-inner\">\n\t\t\t\t<div class=\"elementor-element elementor-element-1d3fd14 e-transform elementor-widget elementor-widget-image\" data-id=\"1d3fd14\" data-element_type=\"widget\" data-e-type=\"widget\" data-settings=\"{&quot;_transform_translateY_effect&quot;:{&quot;unit&quot;:&quot;px&quot;,&quot;size&quot;:0,&quot;sizes&quot;:[]},&quot;_transform_translateX_effect&quot;:{&quot;unit&quot;:&quot;px&quot;,&quot;size&quot;:&quot;&quot;,&quot;sizes&quot;:[]},&quot;_transform_translateX_effect_tablet&quot;:{&quot;unit&quot;:&quot;px&quot;,&quot;size&quot;:&quot;&quot;,&quot;sizes&quot;:[]},&quot;_transform_translateX_effect_mobile&quot;:{&quot;unit&quot;:&quot;px&quot;,&quot;size&quot;:&quot;&quot;,&quot;sizes&quot;:[]},&quot;_transform_translateY_effect_tablet&quot;:{&quot;unit&quot;:&quot;px&quot;,&quot;size&quot;:&quot;&quot;,&quot;sizes&quot;:[]},&quot;_transform_translateY_effect_mobile&quot;:{&quot;unit&quot;:&quot;px&quot;,&quot;size&quot;:&quot;&quot;,&quot;sizes&quot;:[]}}\" data-widget_type=\"image.default\">\n\t\t\t\t<div class=\"elementor-widget-container\">\n\t\t\t\t\t\t\t\t\t\t\t\t\t\t\t<img fetchpriority=\"high\" decoding=\"async\" width=\"1368\" height=\"501\" src=\"https:\/\/sparktraineeships.com\/wp-content\/uploads\/2025\/11\/NiinaToyryla-0524_banner.jpg\" class=\"attachment-full size-full wp-image-3560\" alt=\"\" srcset=\"https:\/\/sparktraineeships.com\/wp-content\/uploads\/2025\/11\/NiinaToyryla-0524_banner.jpg 1368w, https:\/\/sparktraineeships.com\/wp-content\/uploads\/2025\/11\/NiinaToyryla-0524_banner-300x110.jpg 300w, https:\/\/sparktraineeships.com\/wp-content\/uploads\/2025\/11\/NiinaToyryla-0524_banner-1024x375.jpg 1024w, https:\/\/sparktraineeships.com\/wp-content\/uploads\/2025\/11\/NiinaToyryla-0524_banner-768x281.jpg 768w, https:\/\/sparktraineeships.com\/wp-content\/uploads\/2025\/11\/NiinaToyryla-0524_banner-18x7.jpg 18w\" sizes=\"(max-width: 1368px) 100vw, 1368px\" \/>\t\t\t\t\t\t\t\t\t\t\t\t\t\t\t<\/div>\n\t\t\t\t<\/div>\n\t\t\t\t<div class=\"elementor-element elementor-element-5cd2615 elementor-widget elementor-widget-spacer\" data-id=\"5cd2615\" data-element_type=\"widget\" data-e-type=\"widget\" data-widget_type=\"spacer.default\">\n\t\t\t\t<div class=\"elementor-widget-container\">\n\t\t\t\t\t\t\t<div class=\"elementor-spacer\">\n\t\t\t<div class=\"elementor-spacer-inner\"><\/div>\n\t\t<\/div>\n\t\t\t\t\t\t<\/div>\n\t\t\t\t<\/div>\n\t\t\t\t\t<\/div>\n\t\t\t\t<\/div>\n\t\t<div class=\"elementor-element elementor-element-c8dc0d0 e-flex e-con-boxed e-con e-parent\" data-id=\"c8dc0d0\" data-element_type=\"container\" data-e-type=\"container\">\n\t\t\t\t\t<div class=\"e-con-inner\">\n\t\t\t\t<div class=\"elementor-element elementor-element-1cf497a elementor-widget elementor-widget-heading\" data-id=\"1cf497a\" data-element_type=\"widget\" data-e-type=\"widget\" data-widget_type=\"heading.default\">\n\t\t\t\t<div class=\"elementor-widget-container\">\n\t\t\t\t\t<h2 class=\"elementor-heading-title elementor-size-default\">Join the Personal Leadership Program - Pilot for free!\n<\/h2>\t\t\t\t<\/div>\n\t\t\t\t<\/div>\n\t\t\t\t<div class=\"elementor-element elementor-element-3044a6a elementor-widget elementor-widget-spacer\" data-id=\"3044a6a\" data-element_type=\"widget\" data-e-type=\"widget\" data-widget_type=\"spacer.default\">\n\t\t\t\t<div class=\"elementor-widget-container\">\n\t\t\t\t\t\t\t<div class=\"elementor-spacer\">\n\t\t\t<div class=\"elementor-spacer-inner\"><\/div>\n\t\t<\/div>\n\t\t\t\t\t\t<\/div>\n\t\t\t\t<\/div>\n\t\t\t\t\t<\/div>\n\t\t\t\t<\/div>\n\t\t<div class=\"elementor-element elementor-element-e7035d5 e-flex e-con-boxed e-con e-parent\" data-id=\"e7035d5\" data-element_type=\"container\" data-e-type=\"container\">\n\t\t\t\t\t<div class=\"e-con-inner\">\n\t\t\t\t<div class=\"elementor-element elementor-element-8829400 elementor-widget elementor-widget-text-editor\" data-id=\"8829400\" data-element_type=\"widget\" data-e-type=\"widget\" data-widget_type=\"text-editor.default\">\n\t\t\t\t<div class=\"elementor-widget-container\">\n\t\t\t\t\t\t\t\t\t<p>We are now looking for 5-10 enthusiastic organizations in P\u00e4ij\u00e4t-H\u00e4me region to participate in the pilot of our <br \/>Personal Leadership Development Program. Each organization may nominate 1-2 participants for this pilot \u2014 we <br \/>especially hope that the participants in your organization are young professionals who would benefit from <br \/>strengthening their personal leadership.<\/p><p>\u00a0<\/p><p><strong>The pilot includes four modules, each covering a key theme of personal leadership:\u00a0<\/strong><\/p><ul><li>Communication and Collaboration<\/li><li>Personal leadership and Influence<\/li><li>Career Development and Employability<\/li><li>Self-awareness<\/li><\/ul><p>\u00a0<\/p><p>This is a unique opportunity for a young professional in your organization to gain a practical and comprehensive <br \/>development experience \u2014 completely free of charge.<\/p><p>We expect participants to commit to attending all four modules and to actively provide feedback on the content <br \/>to support the development of the program.<\/p><p>\u00a0<\/p><p><strong>What does the pilot include?<\/strong><\/p><ul><li>Four modules each 2 &#8211; 3 hours covering essential personal leadership themes<\/li><li>The program is delivered either in English or Finnish, depending on the participants<\/li><li>1-2 participant per organization<\/li><li>Conducted either in person or online<\/li><li>Held during March\u2013April, according to a separately agreed schedule<\/li><\/ul><p>\u00a0<\/p><p>If your organization is interested in participating to this pilot, please submit your contact information, we\u00b4ll be <br \/>in touch with you.<\/p>\t\t\t\t\t\t\t\t<\/div>\n\t\t\t\t<\/div>\n\t\t\t\t<div class=\"elementor-element elementor-element-af978c4 elementor-button-align-stretch elementor-widget elementor-widget-form\" data-id=\"af978c4\" data-element_type=\"widget\" data-e-type=\"widget\" data-settings=\"{&quot;step_next_label&quot;:&quot;Next&quot;,&quot;step_previous_label&quot;:&quot;Previous&quot;,&quot;button_width&quot;:&quot;20&quot;,&quot;step_type&quot;:&quot;number_text&quot;,&quot;step_icon_shape&quot;:&quot;circle&quot;}\" data-widget_type=\"form.default\">\n\t\t\t\t<div class=\"elementor-widget-container\">\n\t\t\t\t\t\t\t<form class=\"elementor-form\" method=\"post\" name=\"Piloting Sign Up\" aria-label=\"Piloting Sign Up\">\n\t\t\t<input type=\"hidden\" name=\"post_id\" value=\"3639\"\/>\n\t\t\t<input type=\"hidden\" name=\"form_id\" value=\"af978c4\"\/>\n\t\t\t<input type=\"hidden\" name=\"referer_title\" value=\"Piloting Sign Up - Spark Traineeships Oy\" \/>\n\n\t\t\t\t\t\t\t<input type=\"hidden\" name=\"queried_id\" value=\"3639\"\/>\n\t\t\t\n\t\t\t<div class=\"elementor-form-fields-wrapper elementor-labels-above\">\n\t\t\t\t\t\t\t\t<div class=\"elementor-field-type-text elementor-field-group elementor-column elementor-field-group-name elementor-col-100 elementor-field-required\">\n\t\t\t\t\t\t\t\t\t\t\t\t<label for=\"form-field-name\" class=\"elementor-field-label\">\n\t\t\t\t\t\t\t\tYour Name\t\t\t\t\t\t\t<\/label>\n\t\t\t\t\t\t\t\t\t\t\t\t\t\t<input size=\"1\" type=\"text\" name=\"form_fields[name]\" id=\"form-field-name\" class=\"elementor-field elementor-size-sm  elementor-field-textual\" placeholder=\"Your name\" required=\"required\">\n\t\t\t\t\t\t\t\t\t\t\t<\/div>\n\t\t\t\t\t\t\t\t<div class=\"elementor-field-type-text elementor-field-group elementor-column elementor-field-group-field_b47f37a elementor-col-100 elementor-field-required\">\n\t\t\t\t\t\t\t\t\t\t\t\t<label for=\"form-field-field_b47f37a\" class=\"elementor-field-label\">\n\t\t\t\t\t\t\t\tYour Role in the Organization\t\t\t\t\t\t\t<\/label>\n\t\t\t\t\t\t\t\t\t\t\t\t\t\t<input size=\"1\" type=\"text\" name=\"form_fields[field_b47f37a]\" id=\"form-field-field_b47f37a\" class=\"elementor-field elementor-size-sm  elementor-field-textual\" placeholder=\"Your Role in the Organization\" required=\"required\">\n\t\t\t\t\t\t\t\t\t\t\t<\/div>\n\t\t\t\t\t\t\t\t<div class=\"elementor-field-type-text elementor-field-group elementor-column elementor-field-group-email elementor-col-100 elementor-field-required\">\n\t\t\t\t\t\t\t\t\t\t\t\t<label for=\"form-field-email\" class=\"elementor-field-label\">\n\t\t\t\t\t\t\t\tOrganization\t\t\t\t\t\t\t<\/label>\n\t\t\t\t\t\t\t\t\t\t\t\t\t\t<input size=\"1\" type=\"text\" name=\"form_fields[email]\" id=\"form-field-email\" class=\"elementor-field elementor-size-sm  elementor-field-textual\" placeholder=\"Organization\" required=\"required\">\n\t\t\t\t\t\t\t\t\t\t\t<\/div>\n\t\t\t\t\t\t\t\t<div class=\"elementor-field-type-textarea elementor-field-group elementor-column elementor-field-group-message elementor-col-100 elementor-field-required\">\n\t\t\t\t\t\t\t\t\t\t\t\t<label for=\"form-field-message\" class=\"elementor-field-label\">\n\t\t\t\t\t\t\t\tEmail\t\t\t\t\t\t\t<\/label>\n\t\t\t\t\t\t<textarea class=\"elementor-field-textual elementor-field  elementor-size-sm\" name=\"form_fields[message]\" id=\"form-field-message\" rows=\"1\" placeholder=\"Email\" required=\"required\"><\/textarea>\t\t\t\t<\/div>\n\t\t\t\t\t\t\t\t<div class=\"elementor-field-type-text elementor-field-group elementor-column elementor-field-group-field_bbc32c3 elementor-col-100\">\n\t\t\t\t\t\t\t\t\t\t\t\t<label for=\"form-field-field_bbc32c3\" class=\"elementor-field-label\">\n\t\t\t\t\t\t\t\tPhone number\t\t\t\t\t\t\t<\/label>\n\t\t\t\t\t\t\t\t\t\t\t\t\t\t<input size=\"1\" type=\"text\" name=\"form_fields[field_bbc32c3]\" id=\"form-field-field_bbc32c3\" class=\"elementor-field elementor-size-sm  elementor-field-textual\" placeholder=\"Phone number\">\n\t\t\t\t\t\t\t\t\t\t\t<\/div>\n\t\t\t\t\t\t\t\t<div class=\"elementor-field-type-text elementor-field-group elementor-column elementor-field-group-field_ccc5173 elementor-col-100 elementor-field-required\">\n\t\t\t\t\t\t\t\t\t\t\t\t<label for=\"form-field-field_ccc5173\" class=\"elementor-field-label\">\n\t\t\t\t\t\t\t\tPreferred way of contacting\t\t\t\t\t\t\t<\/label>\n\t\t\t\t\t\t\t\t\t\t\t\t\t\t<input size=\"1\" type=\"text\" name=\"form_fields[field_ccc5173]\" id=\"form-field-field_ccc5173\" class=\"elementor-field elementor-size-sm  elementor-field-textual\" placeholder=\"Preferred way of contacting\" required=\"required\">\n\t\t\t\t\t\t\t\t\t\t\t<\/div>\n\t\t\t\t\t\t\t\t<div class=\"elementor-field-group elementor-column elementor-field-type-submit elementor-col-20 e-form__buttons\">\n\t\t\t\t\t<button class=\"elementor-button elementor-size-sm\" type=\"submit\">\n\t\t\t\t\t\t<span class=\"elementor-button-content-wrapper\">\n\t\t\t\t\t\t\t\t\t\t\t\t\t\t\t\t\t\t\t\t\t\t<span class=\"elementor-button-text\">Send<\/span>\n\t\t\t\t\t\t\t\t\t\t\t\t\t<\/span>\n\t\t\t\t\t<\/button>\n\t\t\t\t<\/div>\n\t\t\t<\/div>\n\t\t<\/form>\n\t\t\t\t\t\t<\/div>\n\t\t\t\t<\/div>\n\t\t\t\t\t<\/div>\n\t\t\t\t<\/div>\n\t\t<div class=\"elementor-element elementor-element-e008222 e-flex e-con-boxed e-con e-parent\" data-id=\"e008222\" data-element_type=\"container\" data-e-type=\"container\">\n\t\t\t\t\t<div class=\"e-con-inner\">\n\t\t\t\t<div class=\"elementor-element elementor-element-f34bd30 elementor-widget elementor-widget-text-editor\" data-id=\"f34bd30\" data-element_type=\"widget\" data-e-type=\"widget\" data-widget_type=\"text-editor.default\">\n\t\t\t\t<div class=\"elementor-widget-container\">\n\t\t\t\t\t\t\t\t\t<p>Lorem ipsum dolor sit amet, consectetur adipiscing elit. Ut elit tellus, luctus nec ullamcorper mattis, pulvinar dapibus leo.<\/p>\t\t\t\t\t\t\t\t<\/div>\n\t\t\t\t<\/div>\n\t\t\t\t\t<\/div>\n\t\t\t\t<\/div>\n\t\t<div class=\"elementor-element elementor-element-704c86f e-flex e-con-boxed e-con e-parent\" data-id=\"704c86f\" data-element_type=\"container\" data-e-type=\"container\">\n\t\t\t\t\t<div class=\"e-con-inner\">\n\t\t\t\t<div class=\"elementor-element elementor-element-88a611c elementor-widget elementor-widget-text-editor\" data-id=\"88a611c\" data-element_type=\"widget\" data-e-type=\"widget\" data-widget_type=\"text-editor.default\">\n\t\t\t\t<div class=\"elementor-widget-container\">\n\t\t\t\t\t\t\t\t\t<p>Testing where the text goes<\/p>\t\t\t\t\t\t\t\t<\/div>\n\t\t\t\t<\/div>\n\t\t\t\t\t<\/div>\n\t\t\t\t<\/div>\n\t\t\t\t<\/div>\n\t\t","protected":false},"excerpt":{"rendered":"<p>Join the Personal Leadership Program &#8211; Pilot for free! We are now looking for 5-10 enthusiastic organizations in P\u00e4ij\u00e4t-H\u00e4me region to participate in the pilot of our Personal Leadership Development Program. Each organization may nominate 1-2 participants for this pilot \u2014 we especially hope that the participants in your organization are young professionals who would [&hellip;]<\/p>\n","protected":false},"author":5,"featured_media":0,"parent":0,"menu_order":0,"comment_status":"closed","ping_status":"closed","template":"elementor_canvas","meta":{"footnotes":""},"class_list":["post-3639","page","type-page","status-publish","hentry"],"_links":{"self":[{"href":"https:\/\/sparktraineeships.com\/fi\/wp-json\/wp\/v2\/pages\/3639","targetHints":{"allow":["GET"]}}],"collection":[{"href":"https:\/\/sparktraineeships.com\/fi\/wp-json\/wp\/v2\/pages"}],"about":[{"href":"https:\/\/sparktraineeships.com\/fi\/wp-json\/wp\/v2\/types\/page"}],"author":[{"embeddable":true,"href":"https:\/\/sparktraineeships.com\/fi\/wp-json\/wp\/v2\/users\/5"}],"replies":[{"embeddable":true,"href":"https:\/\/sparktraineeships.com\/fi\/wp-json\/wp\/v2\/comments?post=3639"}],"version-history":[{"count":36,"href":"https:\/\/sparktraineeships.com\/fi\/wp-json\/wp\/v2\/pages\/3639\/revisions"}],"predecessor-version":[{"id":4065,"href":"https:\/\/sparktraineeships.com\/fi\/wp-json\/wp\/v2\/pages\/3639\/revisions\/4065"}],"wp:attachment":[{"href":"https:\/\/sparktraineeships.com\/fi\/wp-json\/wp\/v2\/media?parent=3639"}],"curies":[{"name":"wp","href":"https:\/\/api.w.org\/{rel}","templated":true}]}}