{"id":3657,"date":"2025-12-11T07:22:11","date_gmt":"2025-12-11T07:22:11","guid":{"rendered":"https:\/\/sparktraineeships.com\/?page_id=3657"},"modified":"2025-12-15T06:37:34","modified_gmt":"2025-12-15T06:37:34","slug":"vastaa-kyselyyn","status":"publish","type":"page","link":"https:\/\/sparktraineeships.com\/fi\/vastaa-kyselyyn\/","title":{"rendered":"Vastaa kyselyyn"},"content":{"rendered":"<div data-elementor-type=\"wp-page\" data-elementor-id=\"3657\" class=\"elementor elementor-3657\" data-elementor-post-type=\"page\">\n\t\t\t\t<div class=\"elementor-element elementor-element-1c84e46 e-flex e-con-boxed e-con e-parent\" data-id=\"1c84e46\" data-element_type=\"container\" data-e-type=\"container\">\n\t\t\t\t\t<div class=\"e-con-inner\">\n\t\t\t\t<div class=\"elementor-element elementor-element-1d3fd14 e-transform elementor-widget elementor-widget-image\" data-id=\"1d3fd14\" data-element_type=\"widget\" data-e-type=\"widget\" data-settings=\"{&quot;_transform_translateY_effect&quot;:{&quot;unit&quot;:&quot;px&quot;,&quot;size&quot;:0,&quot;sizes&quot;:[]},&quot;_transform_translateX_effect&quot;:{&quot;unit&quot;:&quot;px&quot;,&quot;size&quot;:&quot;&quot;,&quot;sizes&quot;:[]},&quot;_transform_translateX_effect_tablet&quot;:{&quot;unit&quot;:&quot;px&quot;,&quot;size&quot;:&quot;&quot;,&quot;sizes&quot;:[]},&quot;_transform_translateX_effect_mobile&quot;:{&quot;unit&quot;:&quot;px&quot;,&quot;size&quot;:&quot;&quot;,&quot;sizes&quot;:[]},&quot;_transform_translateY_effect_tablet&quot;:{&quot;unit&quot;:&quot;px&quot;,&quot;size&quot;:&quot;&quot;,&quot;sizes&quot;:[]},&quot;_transform_translateY_effect_mobile&quot;:{&quot;unit&quot;:&quot;px&quot;,&quot;size&quot;:&quot;&quot;,&quot;sizes&quot;:[]}}\" data-widget_type=\"image.default\">\n\t\t\t\t<div class=\"elementor-widget-container\">\n\t\t\t\t\t\t\t\t\t\t\t\t\t\t\t<img fetchpriority=\"high\" decoding=\"async\" width=\"1368\" height=\"501\" src=\"https:\/\/sparktraineeships.com\/wp-content\/uploads\/2025\/11\/NiinaToyryla-0524_banner.jpg\" class=\"attachment-full size-full wp-image-3560\" alt=\"\" srcset=\"https:\/\/sparktraineeships.com\/wp-content\/uploads\/2025\/11\/NiinaToyryla-0524_banner.jpg 1368w, https:\/\/sparktraineeships.com\/wp-content\/uploads\/2025\/11\/NiinaToyryla-0524_banner-300x110.jpg 300w, https:\/\/sparktraineeships.com\/wp-content\/uploads\/2025\/11\/NiinaToyryla-0524_banner-1024x375.jpg 1024w, https:\/\/sparktraineeships.com\/wp-content\/uploads\/2025\/11\/NiinaToyryla-0524_banner-768x281.jpg 768w, https:\/\/sparktraineeships.com\/wp-content\/uploads\/2025\/11\/NiinaToyryla-0524_banner-18x7.jpg 18w\" sizes=\"(max-width: 1368px) 100vw, 1368px\" \/>\t\t\t\t\t\t\t\t\t\t\t\t\t\t\t<\/div>\n\t\t\t\t<\/div>\n\t\t\t\t\t<\/div>\n\t\t\t\t<\/div>\n\t\t<div class=\"elementor-element elementor-element-c8dc0d0 e-flex e-con-boxed e-con e-parent\" data-id=\"c8dc0d0\" data-element_type=\"container\" data-e-type=\"container\">\n\t\t\t\t\t<div class=\"e-con-inner\">\n\t\t\t\t<div class=\"elementor-element elementor-element-fc97dc5 elementor-widget elementor-widget-spacer\" data-id=\"fc97dc5\" data-element_type=\"widget\" data-e-type=\"widget\" data-widget_type=\"spacer.default\">\n\t\t\t\t<div class=\"elementor-widget-container\">\n\t\t\t\t\t\t\t<div class=\"elementor-spacer\">\n\t\t\t<div class=\"elementor-spacer-inner\"><\/div>\n\t\t<\/div>\n\t\t\t\t\t\t<\/div>\n\t\t\t\t<\/div>\n\t\t\t\t<div class=\"elementor-element elementor-element-1cf497a elementor-widget elementor-widget-heading\" data-id=\"1cf497a\" data-element_type=\"widget\" data-e-type=\"widget\" data-widget_type=\"heading.default\">\n\t\t\t\t<div class=\"elementor-widget-container\">\n\t\t\t\t\t<h2 class=\"elementor-heading-title elementor-size-default\">Vastaa kyselyymme ja hae pilottiohjelmaamme<br><\/h2>\t\t\t\t<\/div>\n\t\t\t\t<\/div>\n\t\t\t\t<div class=\"elementor-element elementor-element-5cd2615 elementor-widget elementor-widget-spacer\" data-id=\"5cd2615\" data-element_type=\"widget\" data-e-type=\"widget\" data-widget_type=\"spacer.default\">\n\t\t\t\t<div class=\"elementor-widget-container\">\n\t\t\t\t\t\t\t<div class=\"elementor-spacer\">\n\t\t\t<div class=\"elementor-spacer-inner\"><\/div>\n\t\t<\/div>\n\t\t\t\t\t\t<\/div>\n\t\t\t\t<\/div>\n\t\t\t\t<div class=\"elementor-element elementor-element-6750b4e elementor-widget elementor-widget-text-editor\" data-id=\"6750b4e\" data-element_type=\"widget\" data-e-type=\"widget\" data-widget_type=\"text-editor.default\">\n\t\t\t\t<div class=\"elementor-widget-container\">\n\t\t\t\t\t\t\t\t\t<p data-pm-slice=\"1 1 []\">Osallistu kyselyymme, jonka avulla kehit\u00e4mme lanseerattavaa rekrytointiohjelmaamme.<\/p>\t\t\t\t\t\t\t\t<\/div>\n\t\t\t\t<\/div>\n\t\t\t\t\t<\/div>\n\t\t\t\t<\/div>\n\t\t<div class=\"elementor-element elementor-element-e7035d5 e-flex e-con-boxed e-con e-parent\" data-id=\"e7035d5\" data-element_type=\"container\" data-e-type=\"container\">\n\t\t\t\t\t<div class=\"e-con-inner\">\n\t\t\t\t<div class=\"elementor-element elementor-element-8829400 elementor-widget elementor-widget-text-editor\" data-id=\"8829400\" data-element_type=\"widget\" data-e-type=\"widget\" data-widget_type=\"text-editor.default\">\n\t\t\t\t<div class=\"elementor-widget-container\">\n\t\t\t\t\t\t\t\t\t<p data-pm-slice=\"1 1 []\"><b>Kysely organisaatioille (HR- ja johtoteht\u00e4v\u00e4t)<\/b>: Kyselyn avulla selvit\u00e4mme, mitk\u00e4 ovat suurimmat kipupisteenne Z-sukupolven rekrytoinnissa, perehdytyksess\u00e4 ja projektien yhteiskehitt\u00e4misess\u00e4. Vastaa kyselyyn <a href=\"https:\/\/forms.office.com\/r\/NJYwvDfyE9\" target=\"_blank\" rel=\"noopener\">suomeksi<\/a> tai <a href=\"https:\/\/forms.office.com\/r\/UnqwBXnNJB\" target=\"_blank\" rel=\"noopener\">englanniksi.<\/a><\/p><p data-pm-slice=\"1 1 []\"><strong>Nuorille ammattilaisille (opiskelijat\/valmistuneet)<\/strong>: Kyselyn avulla selvit\u00e4mme, mit\u00e4 konkreettisesti odotatte harjoittelujaksoilta ja oman johtajuuden kehitt\u00e4miselt\u00e4. Vastaa kyselyyn <a href=\"https:\/\/forms.office.com\/r\/qsekReZq6D\" target=\"_blank\" rel=\"noopener\">young professionals.<\/a><\/p>\t\t\t\t\t\t\t\t<\/div>\n\t\t\t\t<\/div>\n\t\t\t\t<div class=\"elementor-element elementor-element-615e9b3 elementor-widget elementor-widget-text-editor\" data-id=\"615e9b3\" data-element_type=\"widget\" data-e-type=\"widget\" data-widget_type=\"text-editor.default\">\n\t\t\t\t<div class=\"elementor-widget-container\">\n\t\t\t\t\t\t\t\t\t<p>Kun olette vastannut kyselyyn, voitte hakea mukaan pilotointiohjelmaamme.<\/p>\t\t\t\t\t\t\t\t<\/div>\n\t\t\t\t<\/div>\n\t\t\t\t<div class=\"elementor-element elementor-element-7298faf elementor-widget elementor-widget-button\" data-id=\"7298faf\" data-element_type=\"widget\" data-e-type=\"widget\" data-widget_type=\"button.default\">\n\t\t\t\t<div class=\"elementor-widget-container\">\n\t\t\t\t\t\t\t\t\t<div class=\"elementor-button-wrapper\">\n\t\t\t\t\t<a class=\"elementor-button elementor-button-link elementor-size-sm\" href=\"https:\/\/sparktraineeships.com\/fi\/ilmoittaudu-pilotiksi\/\">\n\t\t\t\t\t\t<span class=\"elementor-button-content-wrapper\">\n\t\t\t\t\t\t\t\t\t<span class=\"elementor-button-text\">Tutustu pilottiohjelmaamme<\/span>\n\t\t\t\t\t<\/span>\n\t\t\t\t\t<\/a>\n\t\t\t\t<\/div>\n\t\t\t\t\t\t\t\t<\/div>\n\t\t\t\t<\/div>\n\t\t\t\t\t<\/div>\n\t\t\t\t<\/div>\n\t\t<div class=\"elementor-element elementor-element-e008222 e-flex e-con-boxed e-con e-parent\" data-id=\"e008222\" data-element_type=\"container\" data-e-type=\"container\">\n\t\t\t\t\t<div class=\"e-con-inner\">\n\t\t\t\t<div class=\"elementor-element elementor-element-f34bd30 elementor-widget elementor-widget-text-editor\" data-id=\"f34bd30\" data-element_type=\"widget\" data-e-type=\"widget\" data-widget_type=\"text-editor.default\">\n\t\t\t\t<div class=\"elementor-widget-container\">\n\t\t\t\t\t\t\t\t\t<p>Lorem ipsum dolor sit amet, consectetur adipiscing elit. Ut elit tellus, luctus nec ullamcorper mattis, pulvinar dapibus leo.<\/p>\t\t\t\t\t\t\t\t<\/div>\n\t\t\t\t<\/div>\n\t\t\t\t\t<\/div>\n\t\t\t\t<\/div>\n\t\t<div class=\"elementor-element elementor-element-704c86f e-flex e-con-boxed e-con e-parent\" data-id=\"704c86f\" data-element_type=\"container\" data-e-type=\"container\">\n\t\t\t\t\t<div class=\"e-con-inner\">\n\t\t\t\t<div class=\"elementor-element elementor-element-88a611c elementor-widget elementor-widget-text-editor\" data-id=\"88a611c\" data-element_type=\"widget\" data-e-type=\"widget\" data-widget_type=\"text-editor.default\">\n\t\t\t\t<div class=\"elementor-widget-container\">\n\t\t\t\t\t\t\t\t\t<p>Testing where the text goes<\/p>\t\t\t\t\t\t\t\t<\/div>\n\t\t\t\t<\/div>\n\t\t\t\t\t<\/div>\n\t\t\t\t<\/div>\n\t\t\t\t<\/div>","protected":false},"excerpt":{"rendered":"<p>Vastaa kyselyymme ja hae pilottiohjelmaamme Osallistu kyselyymme, jonka avulla kehit\u00e4mme lanseerattavaa rekrytointiohjelmaamme. Kysely organisaatioille (HR- ja johtoteht\u00e4v\u00e4t): Kyselyn avulla selvit\u00e4mme, mitk\u00e4 ovat suurimmat kipupisteenne Z-sukupolven rekrytoinnissa, perehdytyksess\u00e4 ja projektien yhteiskehitt\u00e4misess\u00e4. Vastaa kyselyyn suomeksi tai englanniksi. Nuorille ammattilaisille (opiskelijat\/valmistuneet): Kyselyn avulla selvit\u00e4mme, mit\u00e4 konkreettisesti odotatte harjoittelujaksoilta ja oman johtajuuden kehitt\u00e4miselt\u00e4. Vastaa kyselyyn young professionals. Kun olette [&hellip;]<\/p>\n","protected":false},"author":5,"featured_media":0,"parent":0,"menu_order":0,"comment_status":"closed","ping_status":"closed","template":"elementor_canvas","meta":{"footnotes":""},"class_list":["post-3657","page","type-page","status-publish","hentry"],"_links":{"self":[{"href":"https:\/\/sparktraineeships.com\/fi\/wp-json\/wp\/v2\/pages\/3657","targetHints":{"allow":["GET"]}}],"collection":[{"href":"https:\/\/sparktraineeships.com\/fi\/wp-json\/wp\/v2\/pages"}],"about":[{"href":"https:\/\/sparktraineeships.com\/fi\/wp-json\/wp\/v2\/types\/page"}],"author":[{"embeddable":true,"href":"https:\/\/sparktraineeships.com\/fi\/wp-json\/wp\/v2\/users\/5"}],"replies":[{"embeddable":true,"href":"https:\/\/sparktraineeships.com\/fi\/wp-json\/wp\/v2\/comments?post=3657"}],"version-history":[{"count":15,"href":"https:\/\/sparktraineeships.com\/fi\/wp-json\/wp\/v2\/pages\/3657\/revisions"}],"predecessor-version":[{"id":3741,"href":"https:\/\/sparktraineeships.com\/fi\/wp-json\/wp\/v2\/pages\/3657\/revisions\/3741"}],"wp:attachment":[{"href":"https:\/\/sparktraineeships.com\/fi\/wp-json\/wp\/v2\/media?parent=3657"}],"curies":[{"name":"wp","href":"https:\/\/api.w.org\/{rel}","templated":true}]}}