{"id":3676,"date":"2025-12-11T08:31:23","date_gmt":"2025-12-11T08:31:23","guid":{"rendered":"https:\/\/sparktraineeships.com\/?page_id=3676"},"modified":"2026-02-16T07:22:14","modified_gmt":"2026-02-16T07:22:14","slug":"ilmoittaudu-pilotiksi","status":"publish","type":"page","link":"https:\/\/sparktraineeships.com\/fi\/ilmoittaudu-pilotiksi\/","title":{"rendered":"Ilmoittaudu pilotiksi"},"content":{"rendered":"\t\t<div data-elementor-type=\"wp-page\" data-elementor-id=\"3676\" class=\"elementor elementor-3676\" data-elementor-post-type=\"page\">\n\t\t\t\t<div class=\"elementor-element elementor-element-1c84e46 e-flex e-con-boxed e-con e-parent\" data-id=\"1c84e46\" data-element_type=\"container\" data-e-type=\"container\">\n\t\t\t\t\t<div class=\"e-con-inner\">\n\t\t\t\t<div class=\"elementor-element elementor-element-1d3fd14 e-transform elementor-widget elementor-widget-image\" data-id=\"1d3fd14\" data-element_type=\"widget\" data-e-type=\"widget\" data-settings=\"{&quot;_transform_translateY_effect&quot;:{&quot;unit&quot;:&quot;px&quot;,&quot;size&quot;:0,&quot;sizes&quot;:[]},&quot;_transform_translateX_effect&quot;:{&quot;unit&quot;:&quot;px&quot;,&quot;size&quot;:&quot;&quot;,&quot;sizes&quot;:[]},&quot;_transform_translateX_effect_tablet&quot;:{&quot;unit&quot;:&quot;px&quot;,&quot;size&quot;:&quot;&quot;,&quot;sizes&quot;:[]},&quot;_transform_translateX_effect_mobile&quot;:{&quot;unit&quot;:&quot;px&quot;,&quot;size&quot;:&quot;&quot;,&quot;sizes&quot;:[]},&quot;_transform_translateY_effect_tablet&quot;:{&quot;unit&quot;:&quot;px&quot;,&quot;size&quot;:&quot;&quot;,&quot;sizes&quot;:[]},&quot;_transform_translateY_effect_mobile&quot;:{&quot;unit&quot;:&quot;px&quot;,&quot;size&quot;:&quot;&quot;,&quot;sizes&quot;:[]}}\" data-widget_type=\"image.default\">\n\t\t\t\t<div class=\"elementor-widget-container\">\n\t\t\t\t\t\t\t\t\t\t\t\t\t\t\t<img fetchpriority=\"high\" decoding=\"async\" width=\"1368\" height=\"501\" src=\"https:\/\/sparktraineeships.com\/wp-content\/uploads\/2025\/11\/NiinaToyryla-0524_banner.jpg\" class=\"attachment-full size-full wp-image-3560\" alt=\"\" srcset=\"https:\/\/sparktraineeships.com\/wp-content\/uploads\/2025\/11\/NiinaToyryla-0524_banner.jpg 1368w, https:\/\/sparktraineeships.com\/wp-content\/uploads\/2025\/11\/NiinaToyryla-0524_banner-300x110.jpg 300w, https:\/\/sparktraineeships.com\/wp-content\/uploads\/2025\/11\/NiinaToyryla-0524_banner-1024x375.jpg 1024w, https:\/\/sparktraineeships.com\/wp-content\/uploads\/2025\/11\/NiinaToyryla-0524_banner-768x281.jpg 768w, https:\/\/sparktraineeships.com\/wp-content\/uploads\/2025\/11\/NiinaToyryla-0524_banner-18x7.jpg 18w\" sizes=\"(max-width: 1368px) 100vw, 1368px\" \/>\t\t\t\t\t\t\t\t\t\t\t\t\t\t\t<\/div>\n\t\t\t\t<\/div>\n\t\t\t\t<div class=\"elementor-element elementor-element-5cd2615 elementor-widget elementor-widget-spacer\" data-id=\"5cd2615\" data-element_type=\"widget\" data-e-type=\"widget\" data-widget_type=\"spacer.default\">\n\t\t\t\t<div class=\"elementor-widget-container\">\n\t\t\t\t\t\t\t<div class=\"elementor-spacer\">\n\t\t\t<div class=\"elementor-spacer-inner\"><\/div>\n\t\t<\/div>\n\t\t\t\t\t\t<\/div>\n\t\t\t\t<\/div>\n\t\t\t\t\t<\/div>\n\t\t\t\t<\/div>\n\t\t<div class=\"elementor-element elementor-element-c8dc0d0 e-flex e-con-boxed e-con e-parent\" data-id=\"c8dc0d0\" data-element_type=\"container\" data-e-type=\"container\">\n\t\t\t\t\t<div class=\"e-con-inner\">\n\t\t\t\t<div class=\"elementor-element elementor-element-1cf497a elementor-widget elementor-widget-heading\" data-id=\"1cf497a\" data-element_type=\"widget\" data-e-type=\"widget\" data-widget_type=\"heading.default\">\n\t\t\t\t<div class=\"elementor-widget-container\">\n\t\t\t\t\t<h2 class=\"elementor-heading-title elementor-size-default\">Osallistu Personal Leadership -Pilottiin maksutta!\n<\/h2>\t\t\t\t<\/div>\n\t\t\t\t<\/div>\n\t\t\t\t<div class=\"elementor-element elementor-element-3044a6a elementor-widget elementor-widget-spacer\" data-id=\"3044a6a\" data-element_type=\"widget\" data-e-type=\"widget\" data-widget_type=\"spacer.default\">\n\t\t\t\t<div class=\"elementor-widget-container\">\n\t\t\t\t\t\t\t<div class=\"elementor-spacer\">\n\t\t\t<div class=\"elementor-spacer-inner\"><\/div>\n\t\t<\/div>\n\t\t\t\t\t\t<\/div>\n\t\t\t\t<\/div>\n\t\t\t\t\t<\/div>\n\t\t\t\t<\/div>\n\t\t<div class=\"elementor-element elementor-element-e7035d5 e-flex e-con-boxed e-con e-parent\" data-id=\"e7035d5\" data-element_type=\"container\" data-e-type=\"container\">\n\t\t\t\t\t<div class=\"e-con-inner\">\n\t\t\t\t<div class=\"elementor-element elementor-element-8829400 elementor-widget elementor-widget-text-editor\" data-id=\"8829400\" data-element_type=\"widget\" data-e-type=\"widget\" data-widget_type=\"text-editor.default\">\n\t\t\t\t<div class=\"elementor-widget-container\">\n\t\t\t\t\t\t\t\t\t<p>Etsimme nyt 5\u201310 innostuneita organisaatioita P\u00e4ij\u00e4t-H\u00e4meen alueelta osallistumaan Personal Leadership <br \/>Development -ohjelmamme pilottiin. Jokainen organisaatio voi nimet\u00e4 pilottiin 1\u20132 osallistujaa \u2014 toivomme <br \/>erityisesti, ett\u00e4 osallistujat ovat nuoria ammattilaisia, jotka hy\u00f6tyisiv\u00e4t henkil\u00f6kohtaisen johtajuuden <br \/>vahvistamisesta.<\/p><p><strong>Pilotti sis\u00e4lt\u00e4\u00e4 nelj\u00e4 moduulia, joista jokainen k\u00e4sittelee yht\u00e4 henkil\u00f6kohtaisen johtajuuden keskeist\u00e4 teemaa:<\/strong><\/p><ul><li><strong>Viestint\u00e4 ja yhteisty\u00f6\u00a0<\/strong><\/li><li><strong>Henkil\u00f6kohtainen johtajuus ja vaikuttaminen<\/strong><\/li><li><strong>Uravalmennus ja ty\u00f6llistymistaidot<\/strong><\/li><li><strong>Itsetuntemus <\/strong><\/li><\/ul><p>T\u00e4m\u00e4 on ainutlaatuinen mahdollisuus organisaatiosi nuorelle ammattilaiselle saada k\u00e4yt\u00e4nn\u00f6nl\u00e4heinen ja <br \/>kokonaisvaltainen kehittymiskokemus \u2014 t\u00e4ysin maksutta. <br \/>Odotamme osallistujien sitoutuvan kaikkiin nelj\u00e4\u00e4n moduuliin sek\u00e4 antavan aktiivisesti palautetta ohjelman <br \/>sis\u00e4ll\u00f6st\u00e4 ohjelman kehitt\u00e4miseksi.<\/p><p><strong>Mit\u00e4 pilotti sis\u00e4lt\u00e4\u00e4? <\/strong><\/p><ul><li><span class=\"LineBox SCXP199273857 BCX4\"><span class=\"TextRun SpellingErrorZoomed SCXP199273857 BCX4\" lang=\"EN-US\" xml:lang=\"EN-US\" data-usefontface=\"false\" data-contrast=\"none\"><span class=\"SCXP199273857 BCX4\">Nelj\u00e4<\/span><\/span><span class=\"TextRun SCXP199273857 BCX4\" lang=\"EN-US\" xml:lang=\"EN-US\" data-usefontface=\"false\" data-contrast=\"none\"><span class=\"NormalTextRun SCXP199273857 BCX4\"> 2 &#8211; 3 <\/span><\/span><span class=\"TextRun SpellingErrorZoomed SCXP199273857 BCX4\" lang=\"EN-US\" xml:lang=\"EN-US\" data-usefontface=\"false\" data-contrast=\"none\"><span class=\"SCXP199273857 BCX4\">tunnin<\/span><\/span> <span class=\"TextRun SpellingErrorZoomed SCXP199273857 BCX4\" lang=\"EN-US\" xml:lang=\"EN-US\" data-usefontface=\"false\" data-contrast=\"none\"><span class=\"SCXP199273857 BCX4\">moduulia<\/span><\/span><span class=\"TextRun SCXP199273857 BCX4\" lang=\"EN-US\" xml:lang=\"EN-US\" data-usefontface=\"false\" data-contrast=\"none\"><span class=\"NormalTextRun SCXP199273857 BCX4\">, <\/span><\/span><span class=\"TextRun SpellingErrorZoomed SCXP199273857 BCX4\" lang=\"EN-US\" xml:lang=\"EN-US\" data-usefontface=\"false\" data-contrast=\"none\"><span class=\"SCXP199273857 BCX4\">jotka<\/span><\/span> <span class=\"TextRun SpellingErrorZoomed SCXP199273857 BCX4\" lang=\"EN-US\" xml:lang=\"EN-US\" data-usefontface=\"false\" data-contrast=\"none\"><span class=\"SCXP199273857 BCX4\">k\u00e4sittelev\u00e4t<\/span><\/span> <\/span><span class=\"LineBox SCXP199273857 BCX4\"><span class=\"TextRun SpellingErrorZoomed SCXP199273857 BCX4\" lang=\"EN-US\" xml:lang=\"EN-US\" data-usefontface=\"false\" data-contrast=\"none\"><span class=\"SCXP199273857 BCX4\">henkil\u00f6kohtaisen<\/span><\/span> <span class=\"TextRun SpellingErrorZoomed SCXP199273857 BCX4\" lang=\"EN-US\" xml:lang=\"EN-US\" data-usefontface=\"false\" data-contrast=\"none\"><span class=\"SCXP199273857 BCX4\">johtajuuden<\/span><\/span> <span class=\"TextRun SpellingErrorZoomed SCXP199273857 BCX4\" lang=\"EN-US\" xml:lang=\"EN-US\" data-usefontface=\"false\" data-contrast=\"none\"><span class=\"SCXP199273857 BCX4\">keskeisi\u00e4<\/span><\/span> <span class=\"TextRun SpellingErrorZoomed SCXP199273857 BCX4\" lang=\"EN-US\" xml:lang=\"EN-US\" data-usefontface=\"false\" data-contrast=\"none\"><span class=\"SCXP199273857 BCX4\">teemoja<\/span><\/span><\/span><\/li><li>Toteuskieli joko englanniksi tai suomeksi, riippuen osallistujista<\/li><li>1\u20132 osallistujaa per organisaatio<\/li><li>Toteutus joko l\u00e4hitoteutuksena tai verkossa<\/li><li>Ajankohta maaliskuu\u2013huhtikuu, erikseen sovitun aikataulun mukaan<\/li><\/ul><p><span class=\"LineBox SCXP8893037 BCX4\" style=\"font-family: var( --e-global-typography-text-font-family ), Sans-serif; text-align: var(--text-align);\"><span class=\"TextRun SCXP8893037 BCX4\" lang=\"EN-US\" xml:lang=\"EN-US\" data-usefontface=\"false\" data-contrast=\"none\"><span class=\"NormalTextRun SCXP8893037 BCX4\">\u00a0<\/span><\/span><\/span><\/p><p><span class=\"LineBox SCXP8893037 BCX4\" style=\"font-family: var( --e-global-typography-text-font-family ), Sans-serif; text-align: var(--text-align);\"><span class=\"TextRun SCXP8893037 BCX4\" lang=\"EN-US\" xml:lang=\"EN-US\" data-usefontface=\"false\" data-contrast=\"none\"><span class=\"NormalTextRun SCXP8893037 BCX4\">Jos <\/span><\/span><span class=\"TextRun SpellingErrorZoomed SCXP8893037 BCX4\" lang=\"EN-US\" xml:lang=\"EN-US\" data-usefontface=\"false\" data-contrast=\"none\"><span class=\"SCXP8893037 BCX4\">organisaatiosi<\/span><\/span><span class=\"TextRun SCXP8893037 BCX4\" lang=\"EN-US\" xml:lang=\"EN-US\" data-usefontface=\"false\" data-contrast=\"none\"><span class=\"NormalTextRun SCXP8893037 BCX4\"> on <\/span><\/span><span class=\"TextRun SpellingErrorZoomed SCXP8893037 BCX4\" lang=\"EN-US\" xml:lang=\"EN-US\" data-usefontface=\"false\" data-contrast=\"none\"><span class=\"SCXP8893037 BCX4\">kiinnostunut<\/span><\/span> <\/span><span class=\"LineBox SCXP8893037 BCX4\" style=\"font-family: var( --e-global-typography-text-font-family ), Sans-serif; text-align: var(--text-align);\"><span class=\"TextRun SpellingErrorZoomed SCXP8893037 BCX4\" lang=\"EN-US\" xml:lang=\"EN-US\" data-usefontface=\"false\" data-contrast=\"none\"><span class=\"SCXP8893037 BCX4\">osallistumaan<\/span><\/span> <span class=\"TextRun SpellingErrorZoomed SCXP8893037 BCX4\" lang=\"EN-US\" xml:lang=\"EN-US\" data-usefontface=\"false\" data-contrast=\"none\"><span class=\"SCXP8893037 BCX4\">pilottiin<\/span><\/span><span class=\"TextRun SCXP8893037 BCX4\" lang=\"EN-US\" xml:lang=\"EN-US\" data-usefontface=\"false\" data-contrast=\"none\"><span class=\"NormalTextRun SCXP8893037 BCX4\">, <\/span><\/span><span class=\"TextRun SpellingErrorZoomed SCXP8893037 BCX4\" lang=\"EN-US\" xml:lang=\"EN-US\" data-usefontface=\"false\" data-contrast=\"none\"><span class=\"SCXP8893037 BCX4\">j\u00e4t\u00e4<\/span><\/span><\/span><span class=\"LineBox SCXP8893037 BCX4\" style=\"font-family: var( --e-global-typography-text-font-family ), Sans-serif; text-align: var(--text-align);\"><span class=\"TextRun SpellingErrorZoomed SCXP8893037 BCX4\" lang=\"EN-US\" xml:lang=\"EN-US\" data-usefontface=\"false\" data-contrast=\"none\"><span class=\"SCXP8893037 BCX4\">yhteystietosi<\/span><\/span><span class=\"TextRun SCXP8893037 BCX4\" lang=\"EN-US\" xml:lang=\"EN-US\" data-usefontface=\"false\" data-contrast=\"none\"><span class=\"NormalTextRun SCXP8893037 BCX4\"> \u2013<\/span><\/span><span class=\"TextRun SpellingErrorZoomed SCXP8893037 BCX4\" lang=\"EN-US\" xml:lang=\"EN-US\" data-usefontface=\"false\" data-contrast=\"none\"><span class=\"SCXP8893037 BCX4\">otamme<\/span><\/span> <span class=\"TextRun SpellingErrorZoomed SCXP8893037 BCX4\" lang=\"EN-US\" xml:lang=\"EN-US\" data-usefontface=\"false\" data-contrast=\"none\"><span class=\"SCXP8893037 BCX4\">sinuun<\/span><\/span> <\/span><span class=\"LineBox SCXP8893037 BCX4\" style=\"font-family: var( --e-global-typography-text-font-family ), Sans-serif; text-align: var(--text-align);\"><span class=\"TextRun SpellingErrorZoomed SCXP8893037 BCX4\" lang=\"EN-US\" xml:lang=\"EN-US\" data-usefontface=\"false\" data-contrast=\"none\"><span class=\"SCXP8893037 BCX4\">yhteytt\u00e4<\/span><\/span><span class=\"TextRun SCXP8893037 BCX4\" lang=\"EN-US\" xml:lang=\"EN-US\" data-usefontface=\"false\" data-contrast=\"none\"><span class=\"NormalTextRun SCXP8893037 BCX4\">. <\/span><\/span><\/span><\/p>\t\t\t\t\t\t\t\t<\/div>\n\t\t\t\t<\/div>\n\t\t\t\t<div class=\"elementor-element elementor-element-af978c4 elementor-button-align-stretch elementor-widget elementor-widget-form\" data-id=\"af978c4\" data-element_type=\"widget\" data-e-type=\"widget\" data-settings=\"{&quot;step_next_label&quot;:&quot;Next&quot;,&quot;step_previous_label&quot;:&quot;Previous&quot;,&quot;button_width&quot;:&quot;20&quot;,&quot;step_type&quot;:&quot;number_text&quot;,&quot;step_icon_shape&quot;:&quot;circle&quot;}\" data-widget_type=\"form.default\">\n\t\t\t\t<div class=\"elementor-widget-container\">\n\t\t\t\t\t\t\t<form class=\"elementor-form\" method=\"post\" name=\"Piloting Sign Up\" aria-label=\"Piloting Sign Up\">\n\t\t\t<input type=\"hidden\" name=\"post_id\" value=\"3676\"\/>\n\t\t\t<input type=\"hidden\" name=\"form_id\" value=\"af978c4\"\/>\n\t\t\t<input type=\"hidden\" name=\"referer_title\" value=\"Ilmoittaudu pilotiksi - Spark Traineeships Oy\" \/>\n\n\t\t\t\t\t\t\t<input type=\"hidden\" name=\"queried_id\" value=\"3676\"\/>\n\t\t\t\n\t\t\t<div class=\"elementor-form-fields-wrapper elementor-labels-above\">\n\t\t\t\t\t\t\t\t<div class=\"elementor-field-type-text elementor-field-group elementor-column elementor-field-group-name elementor-col-100 elementor-field-required\">\n\t\t\t\t\t\t\t\t\t\t\t\t<label for=\"form-field-name\" class=\"elementor-field-label\">\n\t\t\t\t\t\t\t\tNimesi\t\t\t\t\t\t\t<\/label>\n\t\t\t\t\t\t\t\t\t\t\t\t\t\t<input size=\"1\" type=\"text\" name=\"form_fields[name]\" id=\"form-field-name\" class=\"elementor-field elementor-size-sm  elementor-field-textual\" placeholder=\"Nimesi\" required=\"required\">\n\t\t\t\t\t\t\t\t\t\t\t<\/div>\n\t\t\t\t\t\t\t\t<div class=\"elementor-field-type-text elementor-field-group elementor-column elementor-field-group-field_b47f37a elementor-col-100 elementor-field-required\">\n\t\t\t\t\t\t\t\t\t\t\t\t<label for=\"form-field-field_b47f37a\" class=\"elementor-field-label\">\n\t\t\t\t\t\t\t\tRoolisi organisaatiossa\u200b\t\t\t\t\t\t\t<\/label>\n\t\t\t\t\t\t\t\t\t\t\t\t\t\t<input size=\"1\" type=\"text\" name=\"form_fields[field_b47f37a]\" id=\"form-field-field_b47f37a\" class=\"elementor-field elementor-size-sm  elementor-field-textual\" placeholder=\"Roolisi organisaatiossa\u200b\" required=\"required\">\n\t\t\t\t\t\t\t\t\t\t\t<\/div>\n\t\t\t\t\t\t\t\t<div class=\"elementor-field-type-email elementor-field-group elementor-column elementor-field-group-email elementor-col-100 elementor-field-required\">\n\t\t\t\t\t\t\t\t\t\t\t\t<label for=\"form-field-email\" class=\"elementor-field-label\">\n\t\t\t\t\t\t\t\tOrganisaatio\t\t\t\t\t\t\t<\/label>\n\t\t\t\t\t\t\t\t\t\t\t\t\t\t<input size=\"1\" type=\"email\" name=\"form_fields[email]\" id=\"form-field-email\" class=\"elementor-field elementor-size-sm  elementor-field-textual\" placeholder=\"Organisaatio\" required=\"required\">\n\t\t\t\t\t\t\t\t\t\t\t<\/div>\n\t\t\t\t\t\t\t\t<div class=\"elementor-field-type-textarea elementor-field-group elementor-column elementor-field-group-message elementor-col-100 elementor-field-required\">\n\t\t\t\t\t\t\t\t\t\t\t\t<label for=\"form-field-message\" class=\"elementor-field-label\">\n\t\t\t\t\t\t\t\tS\u00e4hk\u00f6posti\t\t\t\t\t\t\t<\/label>\n\t\t\t\t\t\t<textarea class=\"elementor-field-textual elementor-field  elementor-size-sm\" name=\"form_fields[message]\" id=\"form-field-message\" rows=\"1\" placeholder=\"S\u00e4hk\u00f6posti\" required=\"required\"><\/textarea>\t\t\t\t<\/div>\n\t\t\t\t\t\t\t\t<div class=\"elementor-field-type-text elementor-field-group elementor-column elementor-field-group-field_bbc32c3 elementor-col-100\">\n\t\t\t\t\t\t\t\t\t\t\t\t<label for=\"form-field-field_bbc32c3\" class=\"elementor-field-label\">\n\t\t\t\t\t\t\t\tPuhelinnumero\t\t\t\t\t\t\t<\/label>\n\t\t\t\t\t\t\t\t\t\t\t\t\t\t<input size=\"1\" type=\"text\" name=\"form_fields[field_bbc32c3]\" id=\"form-field-field_bbc32c3\" class=\"elementor-field elementor-size-sm  elementor-field-textual\" placeholder=\"Puhelinnumero\">\n\t\t\t\t\t\t\t\t\t\t\t<\/div>\n\t\t\t\t\t\t\t\t<div class=\"elementor-field-type-text elementor-field-group elementor-column elementor-field-group-field_ccc5173 elementor-col-100 elementor-field-required\">\n\t\t\t\t\t\t\t\t\t\t\t\t<label for=\"form-field-field_ccc5173\" class=\"elementor-field-label\">\n\t\t\t\t\t\t\t\tToivottu yhteydenottotapa \t\t\t\t\t\t\t<\/label>\n\t\t\t\t\t\t\t\t\t\t\t\t\t\t<input size=\"1\" type=\"text\" name=\"form_fields[field_ccc5173]\" id=\"form-field-field_ccc5173\" class=\"elementor-field elementor-size-sm  elementor-field-textual\" placeholder=\"Toivottu yhteydenottotapa \" required=\"required\">\n\t\t\t\t\t\t\t\t\t\t\t<\/div>\n\t\t\t\t\t\t\t\t<div class=\"elementor-field-group elementor-column elementor-field-type-submit elementor-col-20 e-form__buttons\">\n\t\t\t\t\t<button class=\"elementor-button elementor-size-sm\" type=\"submit\">\n\t\t\t\t\t\t<span class=\"elementor-button-content-wrapper\">\n\t\t\t\t\t\t\t\t\t\t\t\t\t\t\t\t\t\t\t\t\t\t<span class=\"elementor-button-text\">L\u00e4het\u00e4<\/span>\n\t\t\t\t\t\t\t\t\t\t\t\t\t<\/span>\n\t\t\t\t\t<\/button>\n\t\t\t\t<\/div>\n\t\t\t<\/div>\n\t\t<\/form>\n\t\t\t\t\t\t<\/div>\n\t\t\t\t<\/div>\n\t\t\t\t\t<\/div>\n\t\t\t\t<\/div>\n\t\t<div class=\"elementor-element elementor-element-e008222 e-flex e-con-boxed e-con e-parent\" data-id=\"e008222\" data-element_type=\"container\" data-e-type=\"container\">\n\t\t\t\t\t<div class=\"e-con-inner\">\n\t\t\t\t<div class=\"elementor-element elementor-element-f34bd30 elementor-widget elementor-widget-text-editor\" data-id=\"f34bd30\" data-element_type=\"widget\" data-e-type=\"widget\" data-widget_type=\"text-editor.default\">\n\t\t\t\t<div class=\"elementor-widget-container\">\n\t\t\t\t\t\t\t\t\t<p>Lorem ipsum dolor sit amet, consectetur adipiscing elit. Ut elit tellus, luctus nec ullamcorper mattis, pulvinar dapibus leo.<\/p>\t\t\t\t\t\t\t\t<\/div>\n\t\t\t\t<\/div>\n\t\t\t\t\t<\/div>\n\t\t\t\t<\/div>\n\t\t<div class=\"elementor-element elementor-element-704c86f e-flex e-con-boxed e-con e-parent\" data-id=\"704c86f\" data-element_type=\"container\" data-e-type=\"container\">\n\t\t\t\t\t<div class=\"e-con-inner\">\n\t\t\t\t<div class=\"elementor-element elementor-element-88a611c elementor-widget elementor-widget-text-editor\" data-id=\"88a611c\" data-element_type=\"widget\" data-e-type=\"widget\" data-widget_type=\"text-editor.default\">\n\t\t\t\t<div class=\"elementor-widget-container\">\n\t\t\t\t\t\t\t\t\t<p>Testing where the text goes<\/p>\t\t\t\t\t\t\t\t<\/div>\n\t\t\t\t<\/div>\n\t\t\t\t\t<\/div>\n\t\t\t\t<\/div>\n\t\t\t\t<\/div>\n\t\t","protected":false},"excerpt":{"rendered":"<p>Osallistu Personal Leadership -Pilottiin maksutta! Etsimme nyt 5\u201310 innostuneita organisaatioita P\u00e4ij\u00e4t-H\u00e4meen alueelta osallistumaan Personal Leadership Development -ohjelmamme pilottiin. Jokainen organisaatio voi nimet\u00e4 pilottiin 1\u20132 osallistujaa \u2014 toivomme erityisesti, ett\u00e4 osallistujat ovat nuoria ammattilaisia, jotka hy\u00f6tyisiv\u00e4t henkil\u00f6kohtaisen johtajuuden vahvistamisesta. Pilotti sis\u00e4lt\u00e4\u00e4 nelj\u00e4 moduulia, joista jokainen k\u00e4sittelee yht\u00e4 henkil\u00f6kohtaisen johtajuuden keskeist\u00e4 teemaa: Viestint\u00e4 ja yhteisty\u00f6\u00a0 Henkil\u00f6kohtainen johtajuus [&hellip;]<\/p>\n","protected":false},"author":5,"featured_media":0,"parent":0,"menu_order":0,"comment_status":"closed","ping_status":"closed","template":"elementor_canvas","meta":{"footnotes":""},"class_list":["post-3676","page","type-page","status-publish","hentry"],"_links":{"self":[{"href":"https:\/\/sparktraineeships.com\/fi\/wp-json\/wp\/v2\/pages\/3676","targetHints":{"allow":["GET"]}}],"collection":[{"href":"https:\/\/sparktraineeships.com\/fi\/wp-json\/wp\/v2\/pages"}],"about":[{"href":"https:\/\/sparktraineeships.com\/fi\/wp-json\/wp\/v2\/types\/page"}],"author":[{"embeddable":true,"href":"https:\/\/sparktraineeships.com\/fi\/wp-json\/wp\/v2\/users\/5"}],"replies":[{"embeddable":true,"href":"https:\/\/sparktraineeships.com\/fi\/wp-json\/wp\/v2\/comments?post=3676"}],"version-history":[{"count":21,"href":"https:\/\/sparktraineeships.com\/fi\/wp-json\/wp\/v2\/pages\/3676\/revisions"}],"predecessor-version":[{"id":3934,"href":"https:\/\/sparktraineeships.com\/fi\/wp-json\/wp\/v2\/pages\/3676\/revisions\/3934"}],"wp:attachment":[{"href":"https:\/\/sparktraineeships.com\/fi\/wp-json\/wp\/v2\/media?parent=3676"}],"curies":[{"name":"wp","href":"https:\/\/api.w.org\/{rel}","templated":true}]}}