{"id":3812,"date":"2025-12-19T03:46:41","date_gmt":"2025-12-19T03:46:41","guid":{"rendered":"https:\/\/sparktraineeships.com\/?page_id=3812"},"modified":"2025-12-19T03:48:23","modified_gmt":"2025-12-19T03:48:23","slug":"lue-uutiskirje","status":"publish","type":"page","link":"https:\/\/sparktraineeships.com\/fi\/lue-uutiskirje\/","title":{"rendered":"Lue uutiskirje"},"content":{"rendered":"<div data-elementor-type=\"wp-page\" data-elementor-id=\"3812\" class=\"elementor elementor-3812\" data-elementor-post-type=\"page\">\n\t\t\t\t<div class=\"elementor-element elementor-element-ce11b2f e-flex e-con-boxed e-con e-parent\" data-id=\"ce11b2f\" data-element_type=\"container\" data-e-type=\"container\">\n\t\t\t\t\t<div class=\"e-con-inner\">\n\t\t\t\t<div class=\"elementor-element elementor-element-67a33df elementor-widget elementor-widget-text-editor\" data-id=\"67a33df\" data-element_type=\"widget\" data-e-type=\"widget\" data-widget_type=\"text-editor.default\">\n\t\t\t\t<div class=\"elementor-widget-container\">\n\t\t\t\t\t\t\t\t\t<p>Lorem ipsum dolor sit amet, consectetur adipiscing elit. Ut elit tellus, luctus nec ullamcorper mattis, pulvinar dapibus leo.<\/p>\t\t\t\t\t\t\t\t<\/div>\n\t\t\t\t<\/div>\n\t\t\t\t\t<\/div>\n\t\t\t\t<\/div>\n\t\t<div class=\"elementor-element elementor-element-348e1f7 e-flex e-con-boxed e-con e-parent\" data-id=\"348e1f7\" data-element_type=\"container\" data-e-type=\"container\">\n\t\t\t\t\t<div class=\"e-con-inner\">\n\t\t\t\t<div class=\"elementor-element elementor-element-56bbfbc elementor-widget__width-initial elementor-widget elementor-widget-image\" data-id=\"56bbfbc\" data-element_type=\"widget\" data-e-type=\"widget\" data-widget_type=\"image.default\">\n\t\t\t\t<div class=\"elementor-widget-container\">\n\t\t\t\t\t\t\t\t\t\t\t\t\t\t\t<img fetchpriority=\"high\" decoding=\"async\" width=\"300\" height=\"247\" src=\"https:\/\/sparktraineeships.com\/wp-content\/uploads\/2025\/12\/Uutiskirje-1-300x247.png\" class=\"attachment-medium size-medium wp-image-3814\" alt=\"\" srcset=\"https:\/\/sparktraineeships.com\/wp-content\/uploads\/2025\/12\/Uutiskirje-1-300x247.png 300w, https:\/\/sparktraineeships.com\/wp-content\/uploads\/2025\/12\/Uutiskirje-1-15x12.png 15w, https:\/\/sparktraineeships.com\/wp-content\/uploads\/2025\/12\/Uutiskirje-1.png 590w\" sizes=\"(max-width: 300px) 100vw, 300px\" \/>\t\t\t\t\t\t\t\t\t\t\t\t\t\t\t<\/div>\n\t\t\t\t<\/div>\n\t\t\t\t<div class=\"elementor-element elementor-element-8a2546a elementor-widget elementor-widget-spacer\" data-id=\"8a2546a\" data-element_type=\"widget\" data-e-type=\"widget\" data-widget_type=\"spacer.default\">\n\t\t\t\t<div class=\"elementor-widget-container\">\n\t\t\t\t\t\t\t<div class=\"elementor-spacer\">\n\t\t\t<div class=\"elementor-spacer-inner\"><\/div>\n\t\t<\/div>\n\t\t\t\t\t\t<\/div>\n\t\t\t\t<\/div>\n\t\t\t\t\t<\/div>\n\t\t\t\t<\/div>\n\t\t<div class=\"elementor-element elementor-element-14463ad e-flex e-con-boxed e-con e-parent\" data-id=\"14463ad\" data-element_type=\"container\" data-e-type=\"container\">\n\t\t\t\t\t<div class=\"e-con-inner\">\n\t\t\t\t<div class=\"elementor-element elementor-element-2e03df2 elementor-widget elementor-widget-heading\" data-id=\"2e03df2\" data-element_type=\"widget\" data-e-type=\"widget\" data-widget_type=\"heading.default\">\n\t\t\t\t<div class=\"elementor-widget-container\">\n\t\t\t\t\t<h2 class=\"elementor-heading-title elementor-size-default\">Sparkin ensimm\u00e4inen uutiskirje on julkaistu!\n<\/h2>\t\t\t\t<\/div>\n\t\t\t\t<\/div>\n\t\t\t\t\t<\/div>\n\t\t\t\t<\/div>\n\t\t<div class=\"elementor-element elementor-element-46d5b25 e-flex e-con-boxed e-con e-parent\" data-id=\"46d5b25\" data-element_type=\"container\" data-e-type=\"container\">\n\t\t\t\t\t<div class=\"e-con-inner\">\n\t\t\t\t<div class=\"elementor-element elementor-element-098cfa0 elementor-widget elementor-widget-spacer\" data-id=\"098cfa0\" data-element_type=\"widget\" data-e-type=\"widget\" data-widget_type=\"spacer.default\">\n\t\t\t\t<div class=\"elementor-widget-container\">\n\t\t\t\t\t\t\t<div class=\"elementor-spacer\">\n\t\t\t<div class=\"elementor-spacer-inner\"><\/div>\n\t\t<\/div>\n\t\t\t\t\t\t<\/div>\n\t\t\t\t<\/div>\n\t\t\t\t<div class=\"elementor-element elementor-element-178db13 elementor-widget elementor-widget-text-editor\" data-id=\"178db13\" data-element_type=\"widget\" data-e-type=\"widget\" data-widget_type=\"text-editor.default\">\n\t\t\t\t<div class=\"elementor-widget-container\">\n\t\t\t\t\t\t\t\t\t<p>T\u00e4m\u00e4n kanavan kautta haluamme tuoda yhteen alueelliset organisaatiot ja uuden sukupolven osaajat tarjoamalla tietoa, ty\u00f6kaluja ja uusia yhteisty\u00f6mahdollisuuksia.<\/p><p><strong>Miksi t\u00e4m\u00e4 on t\u00e4rke\u00e4\u00e4 juuri nyt?<\/strong><\/p><p>Suurten ik\u00e4luokkien el\u00e4k\u00f6itymisaalto ei ole en\u00e4\u00e4 kaukainen uhka, vaan se on t\u00e4\u00e4ll\u00e4 nyt. Enn\u00e4tysm\u00e4\u00e4r\u00e4 kokeneita ammattilaisia j\u00e4tt\u00e4\u00e4 ty\u00f6el\u00e4m\u00e4n, mik\u00e4 asettaa kriittiset toimialat ja julkiset palvelut vaikean paikan eteen: osaajien poistuminen luo aukon, jota on vaikea t\u00e4ytt\u00e4\u00e4. Samaan aikaan kunnianhimoiset nuoret osaajat hakeutuvat usein kasvukeskuksiin ja kokevat, ettei paikallisesti ole tarjolla riitt\u00e4v\u00e4sti kehitysmahdollisuuksia.<\/p><p>Spark perustettiin muuttamaan t\u00e4m\u00e4 suunta. Ensimm\u00e4isess\u00e4 uutiskirjeess\u00e4mme kerromme Z-sukupolven ja ty\u00f6n tulevaisuudesta maakunnissa, mahdollisuudesta tulla kehitt\u00e4m\u00e4\u00e4n kanssamme uutta rekrytointiohjelmaa sek\u00e4 pilotoimaan uutta malliamme.<\/p><p><a href=\"https:\/\/sparktraineeships.com\/fi\/uutiskirje\/\">Tilaa seuraava uutiskirje suoraan s\u00e4hk\u00f6postiisi!<\/a><\/p>\t\t\t\t\t\t\t\t<\/div>\n\t\t\t\t<\/div>\n\t\t\t\t<div class=\"elementor-element elementor-element-223724d elementor-align-center elementor-widget elementor-widget-button\" data-id=\"223724d\" data-element_type=\"widget\" data-e-type=\"widget\" data-widget_type=\"button.default\">\n\t\t\t\t<div class=\"elementor-widget-container\">\n\t\t\t\t\t\t\t\t\t<div class=\"elementor-button-wrapper\">\n\t\t\t\t\t<a class=\"elementor-button elementor-button-link elementor-size-sm\" href=\"https:\/\/mailchi.mp\/9723df8c1e08\/tule-mukaan-rakentamaan-tulevaisuuden-osaajayhteis-8593985\" target=\"_blank\" rel=\"noopener\">\n\t\t\t\t\t\t<span class=\"elementor-button-content-wrapper\">\n\t\t\t\t\t\t\t\t\t<span class=\"elementor-button-text\">Lue uutiskirje<\/span>\n\t\t\t\t\t<\/span>\n\t\t\t\t\t<\/a>\n\t\t\t\t<\/div>\n\t\t\t\t\t\t\t\t<\/div>\n\t\t\t\t<\/div>\n\t\t\t\t\t<\/div>\n\t\t\t\t<\/div>\n\t\t\t\t<\/div>","protected":false},"excerpt":{"rendered":"<p>Lorem ipsum dolor sit amet, consectetur adipiscing elit. Ut elit tellus, luctus nec ullamcorper mattis, pulvinar dapibus leo. Sparkin ensimm\u00e4inen uutiskirje on julkaistu! T\u00e4m\u00e4n kanavan kautta haluamme tuoda yhteen alueelliset organisaatiot ja uuden sukupolven osaajat tarjoamalla tietoa, ty\u00f6kaluja ja uusia yhteisty\u00f6mahdollisuuksia. Miksi t\u00e4m\u00e4 on t\u00e4rke\u00e4\u00e4 juuri nyt? Suurten ik\u00e4luokkien el\u00e4k\u00f6itymisaalto ei ole en\u00e4\u00e4 kaukainen uhka, [&hellip;]<\/p>\n","protected":false},"author":5,"featured_media":0,"parent":0,"menu_order":0,"comment_status":"closed","ping_status":"closed","template":"","meta":{"footnotes":""},"class_list":["post-3812","page","type-page","status-publish","hentry"],"_links":{"self":[{"href":"https:\/\/sparktraineeships.com\/fi\/wp-json\/wp\/v2\/pages\/3812","targetHints":{"allow":["GET"]}}],"collection":[{"href":"https:\/\/sparktraineeships.com\/fi\/wp-json\/wp\/v2\/pages"}],"about":[{"href":"https:\/\/sparktraineeships.com\/fi\/wp-json\/wp\/v2\/types\/page"}],"author":[{"embeddable":true,"href":"https:\/\/sparktraineeships.com\/fi\/wp-json\/wp\/v2\/users\/5"}],"replies":[{"embeddable":true,"href":"https:\/\/sparktraineeships.com\/fi\/wp-json\/wp\/v2\/comments?post=3812"}],"version-history":[{"count":4,"href":"https:\/\/sparktraineeships.com\/fi\/wp-json\/wp\/v2\/pages\/3812\/revisions"}],"predecessor-version":[{"id":3817,"href":"https:\/\/sparktraineeships.com\/fi\/wp-json\/wp\/v2\/pages\/3812\/revisions\/3817"}],"wp:attachment":[{"href":"https:\/\/sparktraineeships.com\/fi\/wp-json\/wp\/v2\/media?parent=3812"}],"curies":[{"name":"wp","href":"https:\/\/api.w.org\/{rel}","templated":true}]}}