{"id":3820,"date":"2025-12-19T04:33:20","date_gmt":"2025-12-19T04:33:20","guid":{"rendered":"https:\/\/sparktraineeships.com\/?page_id=3820"},"modified":"2025-12-19T04:35:48","modified_gmt":"2025-12-19T04:35:48","slug":"alueellinen-osaaminen","status":"publish","type":"page","link":"https:\/\/sparktraineeships.com\/fi\/alueellinen-osaaminen\/","title":{"rendered":"Alueellinen osaaminen"},"content":{"rendered":"<div data-elementor-type=\"wp-page\" data-elementor-id=\"3820\" class=\"elementor elementor-3820\" data-elementor-post-type=\"page\">\n\t\t\t\t<div class=\"elementor-element elementor-element-ce11b2f e-flex e-con-boxed e-con e-parent\" data-id=\"ce11b2f\" data-element_type=\"container\" data-e-type=\"container\">\n\t\t\t\t\t<div class=\"e-con-inner\">\n\t\t\t\t<div class=\"elementor-element elementor-element-67a33df elementor-widget elementor-widget-text-editor\" data-id=\"67a33df\" data-element_type=\"widget\" data-e-type=\"widget\" data-widget_type=\"text-editor.default\">\n\t\t\t\t<div class=\"elementor-widget-container\">\n\t\t\t\t\t\t\t\t\t<p>Lorem ipsum dolor sit amet, consectetur adipiscing elit. Ut elit tellus, luctus nec ullamcorper mattis, pulvinar dapibus leo.<\/p>\t\t\t\t\t\t\t\t<\/div>\n\t\t\t\t<\/div>\n\t\t\t\t\t<\/div>\n\t\t\t\t<\/div>\n\t\t<div class=\"elementor-element elementor-element-348e1f7 e-flex e-con-boxed e-con e-parent\" data-id=\"348e1f7\" data-element_type=\"container\" data-e-type=\"container\">\n\t\t\t\t\t<div class=\"e-con-inner\">\n\t\t\t\t<div class=\"elementor-element elementor-element-56bbfbc elementor-widget__width-initial elementor-widget elementor-widget-image\" data-id=\"56bbfbc\" data-element_type=\"widget\" data-e-type=\"widget\" data-widget_type=\"image.default\">\n\t\t\t\t<div class=\"elementor-widget-container\">\n\t\t\t\t\t\t\t\t\t\t\t\t\t\t\t<img fetchpriority=\"high\" decoding=\"async\" width=\"211\" height=\"300\" src=\"https:\/\/sparktraineeships.com\/wp-content\/uploads\/2025\/12\/White-Paper-FI-211x300.png\" class=\"attachment-medium size-medium wp-image-3818\" alt=\"\" srcset=\"https:\/\/sparktraineeships.com\/wp-content\/uploads\/2025\/12\/White-Paper-FI-211x300.png 211w, https:\/\/sparktraineeships.com\/wp-content\/uploads\/2025\/12\/White-Paper-FI-8x12.png 8w, https:\/\/sparktraineeships.com\/wp-content\/uploads\/2025\/12\/White-Paper-FI.png 449w\" sizes=\"(max-width: 211px) 100vw, 211px\" \/>\t\t\t\t\t\t\t\t\t\t\t\t\t\t\t<\/div>\n\t\t\t\t<\/div>\n\t\t\t\t<div class=\"elementor-element elementor-element-8a2546a elementor-widget elementor-widget-spacer\" data-id=\"8a2546a\" data-element_type=\"widget\" data-e-type=\"widget\" data-widget_type=\"spacer.default\">\n\t\t\t\t<div class=\"elementor-widget-container\">\n\t\t\t\t\t\t\t<div class=\"elementor-spacer\">\n\t\t\t<div class=\"elementor-spacer-inner\"><\/div>\n\t\t<\/div>\n\t\t\t\t\t\t<\/div>\n\t\t\t\t<\/div>\n\t\t\t\t\t<\/div>\n\t\t\t\t<\/div>\n\t\t<div class=\"elementor-element elementor-element-14463ad e-flex e-con-boxed e-con e-parent\" data-id=\"14463ad\" data-element_type=\"container\" data-e-type=\"container\">\n\t\t\t\t\t<div class=\"e-con-inner\">\n\t\t\t\t<div class=\"elementor-element elementor-element-2e03df2 elementor-widget elementor-widget-heading\" data-id=\"2e03df2\" data-element_type=\"widget\" data-e-type=\"widget\" data-widget_type=\"heading.default\">\n\t\t\t\t<div class=\"elementor-widget-container\">\n\t\t\t\t\t<h2 class=\"elementor-heading-title elementor-size-default\">Alueellinen osaaminen on avain kasvuun<\/h2>\t\t\t\t<\/div>\n\t\t\t\t<\/div>\n\t\t\t\t\t<\/div>\n\t\t\t\t<\/div>\n\t\t<div class=\"elementor-element elementor-element-46d5b25 e-flex e-con-boxed e-con e-parent\" data-id=\"46d5b25\" data-element_type=\"container\" data-e-type=\"container\">\n\t\t\t\t\t<div class=\"e-con-inner\">\n\t\t\t\t<div class=\"elementor-element elementor-element-098cfa0 elementor-widget elementor-widget-spacer\" data-id=\"098cfa0\" data-element_type=\"widget\" data-e-type=\"widget\" data-widget_type=\"spacer.default\">\n\t\t\t\t<div class=\"elementor-widget-container\">\n\t\t\t\t\t\t\t<div class=\"elementor-spacer\">\n\t\t\t<div class=\"elementor-spacer-inner\"><\/div>\n\t\t<\/div>\n\t\t\t\t\t\t<\/div>\n\t\t\t\t<\/div>\n\t\t\t\t<div class=\"elementor-element elementor-element-178db13 elementor-widget elementor-widget-text-editor\" data-id=\"178db13\" data-element_type=\"widget\" data-e-type=\"widget\" data-widget_type=\"text-editor.default\">\n\t\t\t\t<div class=\"elementor-widget-container\">\n\t\t\t\t\t\t\t\t\t<p>Maakunnat ovat merkitt\u00e4v\u00e4n haasteen edess\u00e4, sill\u00e4 v\u00e4est\u00f6n ik\u00e4\u00e4ntyminen ja nuorten poismuutto rajoittavat alueiden kyky\u00e4 innovoida ja kasvattaa liiketoimintaa.<\/p><p>Tuore selvityksemme &#8220;Z-sukupolvi ja ty\u00f6n tulevaisuus C6-alueiden ulkopuolella&#8221; analysoi t\u00e4m\u00e4n haasteen, tunnistaa Z-sukupolven kolme keskeist\u00e4 vaatimusta ja tarjoaa strategiset askelmerkit organisaationne pitk\u00e4n aikav\u00e4lin elinvoiman varmistamiseksi.<\/p><p>Lue koko selvitys ja lataa se koneellesi!<\/p>\t\t\t\t\t\t\t\t<\/div>\n\t\t\t\t<\/div>\n\t\t\t\t<div class=\"elementor-element elementor-element-223724d elementor-align-center elementor-widget elementor-widget-button\" data-id=\"223724d\" data-element_type=\"widget\" data-e-type=\"widget\" data-widget_type=\"button.default\">\n\t\t\t\t<div class=\"elementor-widget-container\">\n\t\t\t\t\t\t\t\t\t<div class=\"elementor-button-wrapper\">\n\t\t\t\t\t<a class=\"elementor-button elementor-button-link elementor-size-sm\" href=\"https:\/\/sparktraineeships.com\/fi\/whitepapertilaus\/\">\n\t\t\t\t\t\t<span class=\"elementor-button-content-wrapper\">\n\t\t\t\t\t\t\t\t\t<span class=\"elementor-button-text\">Lataa selvitys<\/span>\n\t\t\t\t\t<\/span>\n\t\t\t\t\t<\/a>\n\t\t\t\t<\/div>\n\t\t\t\t\t\t\t\t<\/div>\n\t\t\t\t<\/div>\n\t\t\t\t\t<\/div>\n\t\t\t\t<\/div>\n\t\t\t\t<\/div>","protected":false},"excerpt":{"rendered":"<p>Lorem ipsum dolor sit amet, consectetur adipiscing elit. Ut elit tellus, luctus nec ullamcorper mattis, pulvinar dapibus leo. Alueellinen osaaminen on avain kasvuun Maakunnat ovat merkitt\u00e4v\u00e4n haasteen edess\u00e4, sill\u00e4 v\u00e4est\u00f6n ik\u00e4\u00e4ntyminen ja nuorten poismuutto rajoittavat alueiden kyky\u00e4 innovoida ja kasvattaa liiketoimintaa. Tuore selvityksemme &#8220;Z-sukupolvi ja ty\u00f6n tulevaisuus C6-alueiden ulkopuolella&#8221; analysoi t\u00e4m\u00e4n haasteen, tunnistaa Z-sukupolven kolme [&hellip;]<\/p>\n","protected":false},"author":5,"featured_media":0,"parent":0,"menu_order":0,"comment_status":"closed","ping_status":"closed","template":"","meta":{"footnotes":""},"class_list":["post-3820","page","type-page","status-publish","hentry"],"_links":{"self":[{"href":"https:\/\/sparktraineeships.com\/fi\/wp-json\/wp\/v2\/pages\/3820","targetHints":{"allow":["GET"]}}],"collection":[{"href":"https:\/\/sparktraineeships.com\/fi\/wp-json\/wp\/v2\/pages"}],"about":[{"href":"https:\/\/sparktraineeships.com\/fi\/wp-json\/wp\/v2\/types\/page"}],"author":[{"embeddable":true,"href":"https:\/\/sparktraineeships.com\/fi\/wp-json\/wp\/v2\/users\/5"}],"replies":[{"embeddable":true,"href":"https:\/\/sparktraineeships.com\/fi\/wp-json\/wp\/v2\/comments?post=3820"}],"version-history":[{"count":6,"href":"https:\/\/sparktraineeships.com\/fi\/wp-json\/wp\/v2\/pages\/3820\/revisions"}],"predecessor-version":[{"id":3826,"href":"https:\/\/sparktraineeships.com\/fi\/wp-json\/wp\/v2\/pages\/3820\/revisions\/3826"}],"wp:attachment":[{"href":"https:\/\/sparktraineeships.com\/fi\/wp-json\/wp\/v2\/media?parent=3820"}],"curies":[{"name":"wp","href":"https:\/\/api.w.org\/{rel}","templated":true}]}}